{"id":17048,"date":"2024-11-28T17:55:47","date_gmt":"2024-11-28T16:55:47","guid":{"rendered":"https:\/\/www.charmig.nl\/?post_type=product&#038;p=17048"},"modified":"2026-02-24T09:01:49","modified_gmt":"2026-02-24T08:01:49","slug":"vintage-dressoir-palissander-arne-vodder-sibast","status":"publish","type":"product","link":"https:\/\/www.charmig.nl\/fr\/produit\/archives\/vintage-dressoir-palissander-arne-vodder-sibast\/","title":{"rendered":"Buffet vintage | Bois de rose | Sibast"},"content":{"rendered":"","protected":false},"excerpt":{"rendered":"Num\u00e9ro d'article : 211368\r\n\r\nFantastique buffet vintage con\u00e7u par Helge Sibast pour Sibast. Le buffet est en bois de rose, un v\u00e9ritable accroche-regard ! Ce buffet vintage se distingue imm\u00e9diatement par son beau design ; les tiroirs ont de belles poign\u00e9es. Le buffet vintage comporte 4 tiroirs et 2 portes coulissantes. Le meuble est fini \u00e0 l'arri\u00e8re et peut donc \u00eatre utilis\u00e9 comme s\u00e9parateur de pi\u00e8ce vintage.\r\n\r\nP\u00e9riode de cr\u00e9ation : 1950-1960\r\nStyle : moderne du milieu du si\u00e8cle\r\nMat\u00e9riau : Bois de rose\r\n\u00c9tat : En tr\u00e8s bon \u00e9tat\r\nDesigner : Helge Sibast\r\nFabricant : Sibast Furniture\r\n\r\nLes dimensions\r\nLargeur : 250 cm\r\nProfondeur : 49 cm\r\nHauteur : 93 cm","protected":false},"featured_media":17050,"template":"","meta":{"_acf_changed":false},"product_brand":[],"product_cat":[103],"product_tag":[],"class_list":{"0":"post-17048","1":"product","2":"type-product","3":"status-publish","4":"has-post-thumbnail","6":"product_cat-archief","7":"product_shipping_class-koerier","9":"first","10":"outofstock","11":"shipping-taxable","12":"purchasable","13":"product-type-simple"},"composite_virtual":false,"composite_layout":"","composite_add_to_cart_form_location":"","composite_editable_in_cart":false,"composite_sold_individually_context":"","composite_shop_price_calc":"","composite_components":[],"composite_scenarios":[],"exclude_global_add_ons":[],"addons":[],"acf":[],"yoast_head":null,"yoast_head_json":null,"_links":{"self":[{"href":"https:\/\/www.charmig.nl\/fr\/wp-json\/wp\/v2\/product\/17048","targetHints":{"allow":["GET"]}}],"collection":[{"href":"https:\/\/www.charmig.nl\/fr\/wp-json\/wp\/v2\/product"}],"about":[{"href":"https:\/\/www.charmig.nl\/fr\/wp-json\/wp\/v2\/types\/product"}],"wp:featuredmedia":[{"embeddable":true,"href":"https:\/\/www.charmig.nl\/fr\/wp-json\/wp\/v2\/media\/17050"}],"wp:attachment":[{"href":"https:\/\/www.charmig.nl\/fr\/wp-json\/wp\/v2\/media?parent=17048"}],"wp:term":[{"taxonomy":"product_brand","embeddable":true,"href":"https:\/\/www.charmig.nl\/fr\/wp-json\/wp\/v2\/product_brand?post=17048"},{"taxonomy":"product_cat","embeddable":true,"href":"https:\/\/www.charmig.nl\/fr\/wp-json\/wp\/v2\/product_cat?post=17048"},{"taxonomy":"product_tag","embeddable":true,"href":"https:\/\/www.charmig.nl\/fr\/wp-json\/wp\/v2\/product_tag?post=17048"}],"curies":[{"name":"wp","href":"https:\/\/api.w.org\/{rel}","templated":true}]}}