{"id":17076,"date":"2024-11-28T18:21:09","date_gmt":"2024-11-28T17:21:09","guid":{"rendered":"https:\/\/www.charmig.nl\/?post_type=product&#038;p=17076"},"modified":"2026-04-23T09:36:28","modified_gmt":"2026-04-23T07:36:28","slug":"vintage-hanglamp-flowerpot-verne-panton","status":"publish","type":"product","link":"https:\/\/www.charmig.nl\/fr\/product\/woonaccessoires\/lampen\/hanglampen\/vintage-hanglamp-flowerpot-verne-panton\/","title":{"rendered":"Lampe suspendue vintage | Pot de fleur | Verner Panton"},"content":{"rendered":"","protected":false},"excerpt":{"rendered":"Num\u00e9ro d'article : 211378\r\n\r\nCette tr\u00e8s belle lampe suspendue vintage est un design de Verner Panton et a \u00e9t\u00e9 produite par Louis Poulsem. Ce mod\u00e8le est l'embl\u00e9matique pot de fleurs. La lampe a un bol semi-circulaire contenant un autre bol semi-circulaire. La lumi\u00e8re est ainsi magnifiquement r\u00e9partie. La lampe est fabriqu\u00e9e en aluminium et pr\u00e9sente un d\u00e9tail rouge \u00e0 l'int\u00e9rieur. Une lampe incroyablement belle \u00e0 placer au-dessus de la table \u00e0 manger ou de la cuisine.\r\n\r\nP\u00e9riode de cr\u00e9ation : 1960\r\nStyle : Design danois, Mid-Century modern, vintage\r\nMat\u00e9riau : Aluminium\r\nMarque : Louis Poulsen\r\nDesigner : Verner Panton\r\nEtat : Tr\u00e8s bon \u00e9tat vintage\r\n\r\nDimensions de l'objet :\r\nDiam\u00e8tre : 22 cm\r\nHauteur : 15 cm","protected":false},"featured_media":17081,"template":"","meta":{"_acf_changed":false},"product_brand":[],"product_cat":[111],"product_tag":[],"class_list":{"0":"post-17076","1":"product","2":"type-product","3":"status-publish","4":"has-post-thumbnail","6":"product_cat-hanglampen","7":"product_shipping_class-groot-pakket","9":"first","10":"instock","11":"shipping-taxable","12":"purchasable","13":"product-type-simple"},"composite_virtual":false,"composite_layout":"","composite_add_to_cart_form_location":"","composite_editable_in_cart":false,"composite_sold_individually_context":"","composite_shop_price_calc":"","composite_components":[],"composite_scenarios":[],"exclude_global_add_ons":[],"addons":[],"acf":[],"yoast_head":null,"yoast_head_json":null,"_links":{"self":[{"href":"https:\/\/www.charmig.nl\/fr\/wp-json\/wp\/v2\/product\/17076","targetHints":{"allow":["GET"]}}],"collection":[{"href":"https:\/\/www.charmig.nl\/fr\/wp-json\/wp\/v2\/product"}],"about":[{"href":"https:\/\/www.charmig.nl\/fr\/wp-json\/wp\/v2\/types\/product"}],"wp:featuredmedia":[{"embeddable":true,"href":"https:\/\/www.charmig.nl\/fr\/wp-json\/wp\/v2\/media\/17081"}],"wp:attachment":[{"href":"https:\/\/www.charmig.nl\/fr\/wp-json\/wp\/v2\/media?parent=17076"}],"wp:term":[{"taxonomy":"product_brand","embeddable":true,"href":"https:\/\/www.charmig.nl\/fr\/wp-json\/wp\/v2\/product_brand?post=17076"},{"taxonomy":"product_cat","embeddable":true,"href":"https:\/\/www.charmig.nl\/fr\/wp-json\/wp\/v2\/product_cat?post=17076"},{"taxonomy":"product_tag","embeddable":true,"href":"https:\/\/www.charmig.nl\/fr\/wp-json\/wp\/v2\/product_tag?post=17076"}],"curies":[{"name":"wp","href":"https:\/\/api.w.org\/{rel}","templated":true}]}}