{"id":17084,"date":"2024-11-28T23:16:42","date_gmt":"2024-11-28T22:16:42","guid":{"rendered":"https:\/\/www.charmig.nl\/?post_type=product&#038;p=17084"},"modified":"2026-04-23T09:36:28","modified_gmt":"2026-04-23T07:36:28","slug":"vintage-deense-kast-highboard-gunni-omann-200-cm-2","status":"publish","type":"product","link":"https:\/\/www.charmig.nl\/fr\/product\/archief\/vintage-deense-kast-highboard-gunni-omann-200-cm-2\/","title":{"rendered":"Armoire danoise vintage | Highboard | Gunni Omann | 200 cm"},"content":{"rendered":"","protected":false},"excerpt":{"rendered":"Num\u00e9ro d'article : 211369\r\n\r\nApportez l'\u00e9l\u00e9gance danoise dans votre maison avec ce meuble haut vintage, con\u00e7u par Omann Junn pour Gunni Omann dans les ann\u00e9es 1960. Fabriqu\u00e9 en placage de teck de haute qualit\u00e9, ce meuble vintage offre un grand espace de rangement derri\u00e8re les portes coulissantes. Par exemple, derri\u00e8re la porte coulissante de gauche, vous trouverez 6 petits tiroirs. Derri\u00e8re les 3 autres portes coulissantes se trouvent des \u00e9tag\u00e8res r\u00e9glables.\r\n\r\nGr\u00e2ce \u00e0 ses poign\u00e9es distinctives et \u00e0 son design \u00e9pur\u00e9, cette armoire murale vintage attire tous les regards dans n'importe quel int\u00e9rieur ! L'armoire peut \u00e9galement \u00eatre utilis\u00e9e comme s\u00e9parateur de pi\u00e8ce vintage. En effet, le dos de l'armoire est magnifiquement fini.\r\n\r\nP\u00e9riode de conception : 1950 - 1960\r\nStyle : moderne du milieu du si\u00e8cle - design scandinave - design danois\r\nMat\u00e9riau : Teck (placage)\r\n\u00c9tat : en bon \u00e9tat\r\nPays d'origine : Danemark\r\nDesigner : Omann Jun\r\nFabricant : Gunni Oman\r\n\r\n<strong>Dimensions : <\/strong>\r\nLargeur : 200 cm\r\nHauteur : 110 cm\r\nProfondeur : 45 cm","protected":false},"featured_media":17085,"template":"","meta":{"_acf_changed":false},"product_brand":[],"product_cat":[103],"product_tag":[],"class_list":{"0":"post-17084","1":"product","2":"type-product","3":"status-publish","4":"has-post-thumbnail","6":"product_cat-archief","7":"product_shipping_class-koerier","9":"first","10":"outofstock","11":"shipping-taxable","12":"purchasable","13":"product-type-simple"},"composite_virtual":false,"composite_layout":"","composite_add_to_cart_form_location":"","composite_editable_in_cart":false,"composite_sold_individually_context":"","composite_shop_price_calc":"","composite_components":[],"composite_scenarios":[],"exclude_global_add_ons":[],"addons":[],"acf":[],"yoast_head":null,"yoast_head_json":null,"_links":{"self":[{"href":"https:\/\/www.charmig.nl\/fr\/wp-json\/wp\/v2\/product\/17084","targetHints":{"allow":["GET"]}}],"collection":[{"href":"https:\/\/www.charmig.nl\/fr\/wp-json\/wp\/v2\/product"}],"about":[{"href":"https:\/\/www.charmig.nl\/fr\/wp-json\/wp\/v2\/types\/product"}],"wp:featuredmedia":[{"embeddable":true,"href":"https:\/\/www.charmig.nl\/fr\/wp-json\/wp\/v2\/media\/17085"}],"wp:attachment":[{"href":"https:\/\/www.charmig.nl\/fr\/wp-json\/wp\/v2\/media?parent=17084"}],"wp:term":[{"taxonomy":"product_brand","embeddable":true,"href":"https:\/\/www.charmig.nl\/fr\/wp-json\/wp\/v2\/product_brand?post=17084"},{"taxonomy":"product_cat","embeddable":true,"href":"https:\/\/www.charmig.nl\/fr\/wp-json\/wp\/v2\/product_cat?post=17084"},{"taxonomy":"product_tag","embeddable":true,"href":"https:\/\/www.charmig.nl\/fr\/wp-json\/wp\/v2\/product_tag?post=17084"}],"curies":[{"name":"wp","href":"https:\/\/api.w.org\/{rel}","templated":true}]}}