{"id":17124,"date":"2024-11-29T17:23:03","date_gmt":"2024-11-29T16:23:03","guid":{"rendered":"https:\/\/www.charmig.nl\/?post_type=product&#038;p=17124"},"modified":"2026-04-23T09:36:29","modified_gmt":"2026-04-23T07:36:29","slug":"vintage-bankstel-2-zits-hans-wegner-donkerbruin","status":"publish","type":"product","link":"https:\/\/www.charmig.nl\/fr\/product\/archief\/vintage-bankstel-2-zits-hans-wegner-donkerbruin\/","title":{"rendered":"Ensemble canap\u00e9 vintage | 2 places | Hans Wegner | Marron fonc\u00e9"},"content":{"rendered":"","protected":false},"excerpt":{"rendered":"Num\u00e9ro d'article : 211356\r\n\r\nCe magnifique canap\u00e9 vintage est un v\u00e9ritable classique dans votre int\u00e9rieur du milieu du si\u00e8cle. Le canap\u00e9 a \u00e9t\u00e9 con\u00e7u par Hans Wegner au Danemark. Le canap\u00e9 a un design intemporel et est merveilleusement confortable. Le canap\u00e9 est recouvert d'un tissu en laine m\u00e9lang\u00e9e marron fonc\u00e9. Le cadre est en ch\u00eane.\r\n\r\nLe canap\u00e9 est en tr\u00e8s bon \u00e9tat.\r\n\r\nP\u00e9riode de cr\u00e9ation : ann\u00e9es 1960\r\nStyle : Vintage, Mid-century modern\r\nMati\u00e8re : Tissu\r\nCondition : En tr\u00e8s bon \u00e9tat\r\n\r\nDimensions : Largeur : 154 cm\r\nLargeur : 154 cm\r\nHauteur : 68 cm\r\nProfondeur : 76 cm\r\nHauteur de l'assise : 41 cm\r\nProfondeur de l'assise : 51 cm","protected":false},"featured_media":17125,"template":"","meta":{"_acf_changed":false},"product_brand":[],"product_cat":[103],"product_tag":[],"class_list":{"0":"post-17124","1":"product","2":"type-product","3":"status-publish","4":"has-post-thumbnail","6":"product_cat-archief","7":"product_shipping_class-koerier","9":"first","10":"outofstock","11":"shipping-taxable","12":"product-type-simple"},"composite_virtual":false,"composite_layout":"","composite_add_to_cart_form_location":"","composite_editable_in_cart":false,"composite_sold_individually_context":"","composite_shop_price_calc":"","composite_components":[],"composite_scenarios":[],"exclude_global_add_ons":[],"addons":[],"acf":[],"yoast_head":null,"yoast_head_json":null,"_links":{"self":[{"href":"https:\/\/www.charmig.nl\/fr\/wp-json\/wp\/v2\/product\/17124","targetHints":{"allow":["GET"]}}],"collection":[{"href":"https:\/\/www.charmig.nl\/fr\/wp-json\/wp\/v2\/product"}],"about":[{"href":"https:\/\/www.charmig.nl\/fr\/wp-json\/wp\/v2\/types\/product"}],"wp:featuredmedia":[{"embeddable":true,"href":"https:\/\/www.charmig.nl\/fr\/wp-json\/wp\/v2\/media\/17125"}],"wp:attachment":[{"href":"https:\/\/www.charmig.nl\/fr\/wp-json\/wp\/v2\/media?parent=17124"}],"wp:term":[{"taxonomy":"product_brand","embeddable":true,"href":"https:\/\/www.charmig.nl\/fr\/wp-json\/wp\/v2\/product_brand?post=17124"},{"taxonomy":"product_cat","embeddable":true,"href":"https:\/\/www.charmig.nl\/fr\/wp-json\/wp\/v2\/product_cat?post=17124"},{"taxonomy":"product_tag","embeddable":true,"href":"https:\/\/www.charmig.nl\/fr\/wp-json\/wp\/v2\/product_tag?post=17124"}],"curies":[{"name":"wp","href":"https:\/\/api.w.org\/{rel}","templated":true}]}}