{"id":17166,"date":"2024-11-29T19:32:55","date_gmt":"2024-11-29T18:32:55","guid":{"rendered":"https:\/\/www.charmig.nl\/?post_type=product&#038;p=17166"},"modified":"2026-04-23T09:36:29","modified_gmt":"2026-04-23T07:36:29","slug":"vintage-hanglamp-erik-balslev-radius-wit","status":"publish","type":"product","link":"https:\/\/www.charmig.nl\/fr\/produit\/accessoires-de-maison\/lampes\/lampes-suspendues\/vintage-hanglamp-erik-balslev-radius-wit\/","title":{"rendered":"Lampe suspendue vintage | Erik Balslev | 'Radius' | Blanc"},"content":{"rendered":"","protected":false},"excerpt":{"rendered":"Num\u00e9ro d'article : 211382\r\n\r\nCette lampe suspendue vintage a \u00e9t\u00e9 con\u00e7ue par Eric Balslev pour Fog &amp; M\u00f8rup. La lampe a \u00e9t\u00e9 baptis\u00e9e Radius et nous le comprenons ! Gr\u00e2ce \u00e0 son design particulier, elle cr\u00e9e un magnifique jeu de lumi\u00e8re lorsqu'elle est allum\u00e9e. La lampe se compose de quatre couches, la lumi\u00e8re traversant les trois coquilles inf\u00e9rieures.\r\n\r\nP\u00e9riode de cr\u00e9ation : ann\u00e9es 1960\r\nStyle : Design danois, Mid-Century modern, vintage\r\nMat\u00e9riau : aluminium\r\nMarque : Erik Balslev\r\nFabricant : Fog &amp; M\u00f8rup\r\n\u00c9tat : Tr\u00e8s bon \u00e9tat vintage, quelques signes mineurs d'utilisation correspondant \u00e0 l'\u00e2ge de la lampe.\r\n\r\nDimensions de la lampe :\r\nDiam\u00e8tre : 48 cm\r\nHauteur : 30 cm","protected":false},"featured_media":17167,"template":"","meta":{"_acf_changed":false},"product_brand":[],"product_cat":[111,452],"product_tag":[],"class_list":{"0":"post-17166","1":"product","2":"type-product","3":"status-publish","4":"has-post-thumbnail","6":"product_cat-hanglampen","7":"product_cat-sale","8":"product_shipping_class-groot-pakket","10":"first","11":"instock","12":"sale","13":"shipping-taxable","14":"purchasable","15":"product-type-simple"},"composite_virtual":false,"composite_layout":"","composite_add_to_cart_form_location":"","composite_editable_in_cart":false,"composite_sold_individually_context":"","composite_shop_price_calc":"","composite_components":[],"composite_scenarios":[],"exclude_global_add_ons":[],"addons":[],"acf":[],"yoast_head":null,"yoast_head_json":null,"_links":{"self":[{"href":"https:\/\/www.charmig.nl\/fr\/wp-json\/wp\/v2\/product\/17166","targetHints":{"allow":["GET"]}}],"collection":[{"href":"https:\/\/www.charmig.nl\/fr\/wp-json\/wp\/v2\/product"}],"about":[{"href":"https:\/\/www.charmig.nl\/fr\/wp-json\/wp\/v2\/types\/product"}],"wp:featuredmedia":[{"embeddable":true,"href":"https:\/\/www.charmig.nl\/fr\/wp-json\/wp\/v2\/media\/17167"}],"wp:attachment":[{"href":"https:\/\/www.charmig.nl\/fr\/wp-json\/wp\/v2\/media?parent=17166"}],"wp:term":[{"taxonomy":"product_brand","embeddable":true,"href":"https:\/\/www.charmig.nl\/fr\/wp-json\/wp\/v2\/product_brand?post=17166"},{"taxonomy":"product_cat","embeddable":true,"href":"https:\/\/www.charmig.nl\/fr\/wp-json\/wp\/v2\/product_cat?post=17166"},{"taxonomy":"product_tag","embeddable":true,"href":"https:\/\/www.charmig.nl\/fr\/wp-json\/wp\/v2\/product_tag?post=17166"}],"curies":[{"name":"wp","href":"https:\/\/api.w.org\/{rel}","templated":true}]}}