{"id":17208,"date":"2024-12-02T11:42:38","date_gmt":"2024-12-02T10:42:38","guid":{"rendered":"https:\/\/www.charmig.nl\/?post_type=product&#038;p=17208"},"modified":"2026-04-23T09:36:29","modified_gmt":"2026-04-23T07:36:29","slug":"set-van-6-vintage-eetkamerstoelen-niels-otto-moller-model-80-teak","status":"publish","type":"product","link":"https:\/\/www.charmig.nl\/fr\/product\/archief\/set-van-6-vintage-eetkamerstoelen-niels-otto-moller-model-80-teak\/","title":{"rendered":"Ensemble de 6 chaises de salle \u00e0 manger vintage | Niels Otto M\u00f8ller | Mod\u00e8le 80 | Teck"},"content":{"rendered":"","protected":false},"excerpt":{"rendered":"Artikelnummer: 211347\r\n\r\nSet van 6 prachtige Deense vintage eetkamerstoelen, ontworpen door Niels Otto Moller voor JL Mollers Mobelfabrik. Deze stoelen in model 80 zijn uitgevoerd in teak. De vintage stoelen zijn voorzien van een beige gem\u00ealeerde stof met een hint van okergeel en donkerbruin.\r\n\r\nOntwerp periode: 1950 &#8211; 1960\r\nStijl: Mid century modern &#8211; Deens design &#8211; Scandinavisch design\r\nMateriaal: Teak, stof\r\nConditie: In zeer goede vintage staat. Een enkele stoel heeft een lichte vlek op de bekleding.\r\nOntwerper: Niels Otto M\u00f8ller\r\n\r\nAfmetingen:\r\nHoogte: 80 cm\r\nZithoogte: 46 cm\r\nBreedte: 50 cm\r\nDiepte: 50 cm","protected":false},"featured_media":17209,"template":"","meta":{"_acf_changed":false},"product_brand":[],"product_cat":[103],"product_tag":[],"class_list":{"0":"post-17208","1":"product","2":"type-product","3":"status-publish","4":"has-post-thumbnail","6":"product_cat-archief","7":"product_shipping_class-koerier","9":"first","10":"outofstock","11":"shipping-taxable","12":"purchasable","13":"product-type-simple"},"composite_virtual":false,"composite_layout":"","composite_add_to_cart_form_location":"","composite_editable_in_cart":false,"composite_sold_individually_context":"","composite_shop_price_calc":"","composite_components":[],"composite_scenarios":[],"exclude_global_add_ons":[],"addons":[],"acf":[],"yoast_head":null,"yoast_head_json":null,"_links":{"self":[{"href":"https:\/\/www.charmig.nl\/fr\/wp-json\/wp\/v2\/product\/17208","targetHints":{"allow":["GET"]}}],"collection":[{"href":"https:\/\/www.charmig.nl\/fr\/wp-json\/wp\/v2\/product"}],"about":[{"href":"https:\/\/www.charmig.nl\/fr\/wp-json\/wp\/v2\/types\/product"}],"wp:featuredmedia":[{"embeddable":true,"href":"https:\/\/www.charmig.nl\/fr\/wp-json\/wp\/v2\/media\/17209"}],"wp:attachment":[{"href":"https:\/\/www.charmig.nl\/fr\/wp-json\/wp\/v2\/media?parent=17208"}],"wp:term":[{"taxonomy":"product_brand","embeddable":true,"href":"https:\/\/www.charmig.nl\/fr\/wp-json\/wp\/v2\/product_brand?post=17208"},{"taxonomy":"product_cat","embeddable":true,"href":"https:\/\/www.charmig.nl\/fr\/wp-json\/wp\/v2\/product_cat?post=17208"},{"taxonomy":"product_tag","embeddable":true,"href":"https:\/\/www.charmig.nl\/fr\/wp-json\/wp\/v2\/product_tag?post=17208"}],"curies":[{"name":"wp","href":"https:\/\/api.w.org\/{rel}","templated":true}]}}