{"id":17242,"date":"2024-12-03T20:01:00","date_gmt":"2024-12-03T19:01:00","guid":{"rendered":"https:\/\/www.charmig.nl\/?post_type=product&#038;p=17242"},"modified":"2026-04-23T09:36:29","modified_gmt":"2026-04-23T07:36:29","slug":"vintage-eettafel-xxxl-palissander-uitschuifbaar-122-414-cm","status":"publish","type":"product","link":"https:\/\/www.charmig.nl\/fr\/product\/archief\/vintage-eettafel-xxxl-palissander-uitschuifbaar-122-414-cm\/","title":{"rendered":"Table de salle \u00e0 manger vintage XXXL | Bois de rose | extensible | 122 - 414 cm"},"content":{"rendered":"","protected":false},"excerpt":{"rendered":"Num\u00e9ro d'article : 211355\r\n\r\nCette table de salle \u00e0 manger vintage est tout \u00e0 fait unique ! Nous avons rarement eu une table de salle \u00e0 manger aussi grande. En effet, cette table de salle \u00e0 manger poss\u00e8de pas moins de 6 feuilles interm\u00e9diaires. Il y a donc de la place pour toute la famille. La table de salle \u00e0 manger est fabriqu\u00e9e en bois de rose et peut \u00eatre rallong\u00e9e avec six feuilles interm\u00e9diaires et devient alors ovale. Lorsque la table est rallong\u00e9e, il est possible de placer un pied suppl\u00e9mentaire au milieu pour plus de solidit\u00e9. La table peut \u00eatre \u00e9largie \u00e0 chaque fois avec la feuille interm\u00e9diaire de 48,5 cm.\r\n\r\nP\u00e9riode de cr\u00e9ation : 1950-1960\r\nStyle : moderne du milieu du si\u00e8cle, design scandinave\r\n\u00c9tat : En tr\u00e8s bon \u00e9tat.\r\n\r\nLes dimensions\r\nDiam\u00e8tre : 122 cm\r\nD\u00e9ploy\u00e9 avec 1 plateau : 170.5 cm\r\nD\u00e9ploy\u00e9 avec 6 feuilles : 414 cm\r\nHauteur : 73 cm","protected":false},"featured_media":17244,"template":"","meta":{"_acf_changed":false},"product_brand":[],"product_cat":[103],"product_tag":[],"class_list":{"0":"post-17242","1":"product","2":"type-product","3":"status-publish","4":"has-post-thumbnail","6":"product_cat-archief","7":"product_shipping_class-koerier","9":"first","10":"outofstock","11":"shipping-taxable","12":"purchasable","13":"product-type-simple"},"composite_virtual":false,"composite_layout":"","composite_add_to_cart_form_location":"","composite_editable_in_cart":false,"composite_sold_individually_context":"","composite_shop_price_calc":"","composite_components":[],"composite_scenarios":[],"exclude_global_add_ons":[],"addons":[],"acf":[],"yoast_head":null,"yoast_head_json":null,"_links":{"self":[{"href":"https:\/\/www.charmig.nl\/fr\/wp-json\/wp\/v2\/product\/17242","targetHints":{"allow":["GET"]}}],"collection":[{"href":"https:\/\/www.charmig.nl\/fr\/wp-json\/wp\/v2\/product"}],"about":[{"href":"https:\/\/www.charmig.nl\/fr\/wp-json\/wp\/v2\/types\/product"}],"wp:featuredmedia":[{"embeddable":true,"href":"https:\/\/www.charmig.nl\/fr\/wp-json\/wp\/v2\/media\/17244"}],"wp:attachment":[{"href":"https:\/\/www.charmig.nl\/fr\/wp-json\/wp\/v2\/media?parent=17242"}],"wp:term":[{"taxonomy":"product_brand","embeddable":true,"href":"https:\/\/www.charmig.nl\/fr\/wp-json\/wp\/v2\/product_brand?post=17242"},{"taxonomy":"product_cat","embeddable":true,"href":"https:\/\/www.charmig.nl\/fr\/wp-json\/wp\/v2\/product_cat?post=17242"},{"taxonomy":"product_tag","embeddable":true,"href":"https:\/\/www.charmig.nl\/fr\/wp-json\/wp\/v2\/product_tag?post=17242"}],"curies":[{"name":"wp","href":"https:\/\/api.w.org\/{rel}","templated":true}]}}