{"id":17261,"date":"2024-12-03T20:20:33","date_gmt":"2024-12-03T19:20:33","guid":{"rendered":"https:\/\/www.charmig.nl\/?post_type=product&#038;p=17261"},"modified":"2026-02-24T09:01:50","modified_gmt":"2026-02-24T08:01:50","slug":"vintage-dressoir-teak-bramin-h-w-klein-225-cm-4","status":"publish","type":"product","link":"https:\/\/www.charmig.nl\/fr\/produit\/archives\/vintage-dressoir-teak-bramin-h-w-klein-225-cm-4\/","title":{"rendered":"Buffet vintage | Teck | Bramin | H.W. Klein | 225 cm"},"content":{"rendered":"","protected":false},"excerpt":{"rendered":"Num\u00e9ro d'article : 211386\r\n\r\nCe superbe buffet vintage a \u00e9t\u00e9 con\u00e7u par H.W. Klein pour Bramin au Danemark dans les ann\u00e9es 1960. Le buffet a une belle couleur de bois et est d'excellente qualit\u00e9. Le meuble offre beaucoup d'espace de rangement. Derri\u00e8re les deux portes coulissantes se trouvent des \u00e9tag\u00e8res. Il y a \u00e9galement quatre tiroirs qui se d\u00e9placent tr\u00e8s facilement.\r\n\r\nP\u00e9riode de cr\u00e9ation : 1950-1960\r\nStyle : moderne du milieu du si\u00e8cle, design scandinave\r\nMat\u00e9riau : Teck\r\n\u00c9tat : En tr\u00e8s bon \u00e9tat\r\nDesigner : H.W. Klein for Bramin\r\n\r\nDimensions : Largeur : 225 cm\r\nLargeur : 225 cm\r\nHauteur : 79 cm\r\nProfondeur : 45 cm","protected":false},"featured_media":17262,"template":"","meta":{"_acf_changed":false},"product_brand":[],"product_cat":[103],"product_tag":[],"class_list":{"0":"post-17261","1":"product","2":"type-product","3":"status-publish","4":"has-post-thumbnail","6":"product_cat-archief","7":"product_shipping_class-koerier","9":"first","10":"outofstock","11":"shipping-taxable","12":"purchasable","13":"product-type-simple"},"composite_virtual":false,"composite_layout":"","composite_add_to_cart_form_location":"","composite_editable_in_cart":false,"composite_sold_individually_context":"","composite_shop_price_calc":"","composite_components":[],"composite_scenarios":[],"exclude_global_add_ons":[],"addons":[],"acf":[],"yoast_head":null,"yoast_head_json":null,"_links":{"self":[{"href":"https:\/\/www.charmig.nl\/fr\/wp-json\/wp\/v2\/product\/17261","targetHints":{"allow":["GET"]}}],"collection":[{"href":"https:\/\/www.charmig.nl\/fr\/wp-json\/wp\/v2\/product"}],"about":[{"href":"https:\/\/www.charmig.nl\/fr\/wp-json\/wp\/v2\/types\/product"}],"wp:featuredmedia":[{"embeddable":true,"href":"https:\/\/www.charmig.nl\/fr\/wp-json\/wp\/v2\/media\/17262"}],"wp:attachment":[{"href":"https:\/\/www.charmig.nl\/fr\/wp-json\/wp\/v2\/media?parent=17261"}],"wp:term":[{"taxonomy":"product_brand","embeddable":true,"href":"https:\/\/www.charmig.nl\/fr\/wp-json\/wp\/v2\/product_brand?post=17261"},{"taxonomy":"product_cat","embeddable":true,"href":"https:\/\/www.charmig.nl\/fr\/wp-json\/wp\/v2\/product_cat?post=17261"},{"taxonomy":"product_tag","embeddable":true,"href":"https:\/\/www.charmig.nl\/fr\/wp-json\/wp\/v2\/product_tag?post=17261"}],"curies":[{"name":"wp","href":"https:\/\/api.w.org\/{rel}","templated":true}]}}