{"id":17381,"date":"2024-12-09T14:26:57","date_gmt":"2024-12-09T13:26:57","guid":{"rendered":"https:\/\/www.charmig.nl\/?post_type=product&#038;p=17381"},"modified":"2026-04-23T09:36:31","modified_gmt":"2026-04-23T07:36:31","slug":"vintage-ladekast-teak-4-lades-4","status":"publish","type":"product","link":"https:\/\/www.charmig.nl\/fr\/product\/archief\/vintage-ladekast-teak-4-lades-4\/","title":{"rendered":"Commode vintage | Teck | 4 tiroirs"},"content":{"rendered":"","protected":false},"excerpt":{"rendered":"Num\u00e9ro d'article : 211392\r\n\r\nCette commode vintage \u00e0 4 tiroirs provient du Danemark et se distingue par ses poign\u00e9es \u00e9l\u00e9gantes. Les tiroirs s'ouvrent en douceur. Ce meuble vintage a fi\u00e8re allure partout !\r\n\r\nP\u00e9riode de cr\u00e9ation : 1950 - 1960\r\nStyle : Moderne du milieu du si\u00e8cle - Design danois - Design scandinave\r\nMat\u00e9riau : Teck\r\n\u00c9tat : Bon \u00e9tat vintage, traces d'utilisation correspondant \u00e0 l'\u00e2ge du meuble. Le plateau pr\u00e9sente quelques traces d'utilisation.\r\nDesigner : Inconnu\r\nFabricant : Inconnu\r\n\r\nDimensions du meuble.\r\nHauteur : 76 cm\r\nLargeur : 86 cm\r\nProfondeur : 40 cm","protected":false},"featured_media":17393,"template":"","meta":{"_acf_changed":false},"product_brand":[],"product_cat":[103],"product_tag":[],"class_list":{"0":"post-17381","1":"product","2":"type-product","3":"status-publish","4":"has-post-thumbnail","6":"product_cat-archief","7":"product_shipping_class-koerier","9":"first","10":"outofstock","11":"shipping-taxable","12":"purchasable","13":"product-type-simple"},"composite_virtual":false,"composite_layout":"","composite_add_to_cart_form_location":"","composite_editable_in_cart":false,"composite_sold_individually_context":"","composite_shop_price_calc":"","composite_components":[],"composite_scenarios":[],"exclude_global_add_ons":[],"addons":[],"acf":[],"yoast_head":null,"yoast_head_json":null,"_links":{"self":[{"href":"https:\/\/www.charmig.nl\/fr\/wp-json\/wp\/v2\/product\/17381","targetHints":{"allow":["GET"]}}],"collection":[{"href":"https:\/\/www.charmig.nl\/fr\/wp-json\/wp\/v2\/product"}],"about":[{"href":"https:\/\/www.charmig.nl\/fr\/wp-json\/wp\/v2\/types\/product"}],"wp:featuredmedia":[{"embeddable":true,"href":"https:\/\/www.charmig.nl\/fr\/wp-json\/wp\/v2\/media\/17393"}],"wp:attachment":[{"href":"https:\/\/www.charmig.nl\/fr\/wp-json\/wp\/v2\/media?parent=17381"}],"wp:term":[{"taxonomy":"product_brand","embeddable":true,"href":"https:\/\/www.charmig.nl\/fr\/wp-json\/wp\/v2\/product_brand?post=17381"},{"taxonomy":"product_cat","embeddable":true,"href":"https:\/\/www.charmig.nl\/fr\/wp-json\/wp\/v2\/product_cat?post=17381"},{"taxonomy":"product_tag","embeddable":true,"href":"https:\/\/www.charmig.nl\/fr\/wp-json\/wp\/v2\/product_tag?post=17381"}],"curies":[{"name":"wp","href":"https:\/\/api.w.org\/{rel}","templated":true}]}}