{"id":17395,"date":"2024-12-09T14:38:56","date_gmt":"2024-12-09T13:38:56","guid":{"rendered":"https:\/\/www.charmig.nl\/?post_type=product&#038;p=17395"},"modified":"2026-04-24T18:32:09","modified_gmt":"2026-04-24T16:32:09","slug":"vintage-secretaire-deens-teak-84-cm","status":"publish","type":"product","link":"https:\/\/www.charmig.nl\/fr\/product\/meubels\/kasten\/secretaires\/vintage-secretaire-deens-teak-84-cm\/","title":{"rendered":"Secr\u00e9taire vintage | Danois | Teck | 84 cm"},"content":{"rendered":"","protected":false},"excerpt":{"rendered":"Num\u00e9ro d'article : 211395\r\n\r\nMagnifique secr\u00e9taire des ann\u00e9es 1960 en provenance du Danemark. Une armoire \u00e0 secrets vintage est tr\u00e8s pratique et ajoute imm\u00e9diatement beaucoup d'ambiance \u00e0 votre maison ! Ce secr\u00e9taire se distingue par son design \u00e9pur\u00e9 mais \u00e9l\u00e9gant. Les poign\u00e9es incrust\u00e9es compl\u00e8tent le meuble. L'armoire danoise dispose d'un bureau escamotable. Derri\u00e8re l'abattant, vous trouverez 2 portes et tiroirs ainsi qu'un grand compartiment pour toutes vos fournitures de bureau. En bas, vous trouverez 3 grands tiroirs. Une fantastique armoire vintage pour le salon, la chambre d'enfant ou, bien s\u00fbr, le bureau.\r\n\r\nP\u00e9riode de conception : 1950-1960\r\nStyle : Vintage, design danois, moderne du milieu du si\u00e8cle\r\nCondition : En tr\u00e8s bonne condition vintage, quelques signes d'usure appropri\u00e9s \u00e0 son \u00e2ge\r\nCr\u00e9ateur : Inconnu\r\n\r\nDimensions de l'objet\r\nLargeur : 82 cm\r\nProfondeur : 42 cm\r\nHauteur : 104 cm","protected":false},"featured_media":17411,"template":"","meta":{"_acf_changed":false},"product_brand":[],"product_cat":[452,181],"product_tag":[],"class_list":{"0":"post-17395","1":"product","2":"type-product","3":"status-publish","4":"has-post-thumbnail","6":"product_cat-sale","7":"product_cat-secretaires","8":"product_shipping_class-koerier","10":"first","11":"outofstock","12":"sale","13":"shipping-taxable","14":"purchasable","15":"product-type-simple"},"composite_virtual":false,"composite_layout":"","composite_add_to_cart_form_location":"","composite_editable_in_cart":false,"composite_sold_individually_context":"","composite_shop_price_calc":"","composite_components":[],"composite_scenarios":[],"exclude_global_add_ons":[],"addons":[],"acf":[],"yoast_head":null,"yoast_head_json":null,"_links":{"self":[{"href":"https:\/\/www.charmig.nl\/fr\/wp-json\/wp\/v2\/product\/17395","targetHints":{"allow":["GET"]}}],"collection":[{"href":"https:\/\/www.charmig.nl\/fr\/wp-json\/wp\/v2\/product"}],"about":[{"href":"https:\/\/www.charmig.nl\/fr\/wp-json\/wp\/v2\/types\/product"}],"wp:featuredmedia":[{"embeddable":true,"href":"https:\/\/www.charmig.nl\/fr\/wp-json\/wp\/v2\/media\/17411"}],"wp:attachment":[{"href":"https:\/\/www.charmig.nl\/fr\/wp-json\/wp\/v2\/media?parent=17395"}],"wp:term":[{"taxonomy":"product_brand","embeddable":true,"href":"https:\/\/www.charmig.nl\/fr\/wp-json\/wp\/v2\/product_brand?post=17395"},{"taxonomy":"product_cat","embeddable":true,"href":"https:\/\/www.charmig.nl\/fr\/wp-json\/wp\/v2\/product_cat?post=17395"},{"taxonomy":"product_tag","embeddable":true,"href":"https:\/\/www.charmig.nl\/fr\/wp-json\/wp\/v2\/product_tag?post=17395"}],"curies":[{"name":"wp","href":"https:\/\/api.w.org\/{rel}","templated":true}]}}