{"id":17430,"date":"2024-12-09T15:04:41","date_gmt":"2024-12-09T14:04:41","guid":{"rendered":"https:\/\/www.charmig.nl\/?post_type=product&#038;p=17430"},"modified":"2026-04-23T09:36:31","modified_gmt":"2026-04-23T07:36:31","slug":"vintage-kapstok-grenen-staand-xl","status":"publish","type":"product","link":"https:\/\/www.charmig.nl\/fr\/produit\/archives\/vintage-kapstok-grenen-staand-xl\/","title":{"rendered":"Porte-manteau vintage | Pin | Debout | XL"},"content":{"rendered":"","protected":false},"excerpt":{"rendered":"Num\u00e9ro d'article : 211398\r\n\r\nCe porte-manteau vintage est fabriqu\u00e9 en pin et peut accueillir un grand nombre de manteaux. Le porte-manteau sur pied a 12 crochets. En haut, il y a une \u00e9tag\u00e8re pour les chapeaux et en bas, il y a de la place pour les chaussures de toute la famille ou d'autres personnes.\r\n\r\nP\u00e9riode de cr\u00e9ation : 1950-1960\r\nStyle : moderne du milieu du si\u00e8cle\r\nMat\u00e9riau : Pin\r\nCondition : En bon \u00e9tat, quelques signes d'utilisation correspondant \u00e0 son \u00e2ge.\r\n\r\nDimensions : Largeur : 150 cm\r\nLargeur : 150 cm\r\nProfondeur : 50 cm\r\nHauteur : 195 cm","protected":false},"featured_media":17432,"template":"","meta":{"_acf_changed":false},"product_brand":[],"product_cat":[103],"product_tag":[],"class_list":{"0":"post-17430","1":"product","2":"type-product","3":"status-publish","4":"has-post-thumbnail","6":"product_cat-archief","7":"product_shipping_class-koerier","9":"first","10":"outofstock","11":"shipping-taxable","12":"purchasable","13":"product-type-simple"},"composite_virtual":false,"composite_layout":"","composite_add_to_cart_form_location":"","composite_editable_in_cart":false,"composite_sold_individually_context":"","composite_shop_price_calc":"","composite_components":[],"composite_scenarios":[],"exclude_global_add_ons":[],"addons":[],"acf":[],"yoast_head":null,"yoast_head_json":null,"_links":{"self":[{"href":"https:\/\/www.charmig.nl\/fr\/wp-json\/wp\/v2\/product\/17430","targetHints":{"allow":["GET"]}}],"collection":[{"href":"https:\/\/www.charmig.nl\/fr\/wp-json\/wp\/v2\/product"}],"about":[{"href":"https:\/\/www.charmig.nl\/fr\/wp-json\/wp\/v2\/types\/product"}],"wp:featuredmedia":[{"embeddable":true,"href":"https:\/\/www.charmig.nl\/fr\/wp-json\/wp\/v2\/media\/17432"}],"wp:attachment":[{"href":"https:\/\/www.charmig.nl\/fr\/wp-json\/wp\/v2\/media?parent=17430"}],"wp:term":[{"taxonomy":"product_brand","embeddable":true,"href":"https:\/\/www.charmig.nl\/fr\/wp-json\/wp\/v2\/product_brand?post=17430"},{"taxonomy":"product_cat","embeddable":true,"href":"https:\/\/www.charmig.nl\/fr\/wp-json\/wp\/v2\/product_cat?post=17430"},{"taxonomy":"product_tag","embeddable":true,"href":"https:\/\/www.charmig.nl\/fr\/wp-json\/wp\/v2\/product_tag?post=17430"}],"curies":[{"name":"wp","href":"https:\/\/api.w.org\/{rel}","templated":true}]}}