{"id":17444,"date":"2024-12-09T15:19:20","date_gmt":"2024-12-09T14:19:20","guid":{"rendered":"https:\/\/www.charmig.nl\/?post_type=product&#038;p=17444"},"modified":"2026-04-23T09:36:32","modified_gmt":"2026-04-23T07:36:32","slug":"vintage-secretaire-palissander-sigfrid-omann","status":"publish","type":"product","link":"https:\/\/www.charmig.nl\/fr\/product\/archief\/vintage-secretaire-palissander-sigfrid-omann\/","title":{"rendered":"Secretaire vintage | bois de rose | Sigfrid Omann"},"content":{"rendered":"","protected":false},"excerpt":{"rendered":"Num\u00e9ro d'article : 211401\r\n\r\nUn vrai r\u00e9gal pour les yeux ! Ce secr\u00e9taire vintage respire le luxe. Ce secr\u00e9taire a \u00e9t\u00e9 con\u00e7u par Sigfrid Omann au Danemark. L'armoire vintage est fabriqu\u00e9e en bois de rose et s'adapte \u00e0 toutes les pi\u00e8ces. Qu'il s'agisse d'un salon, d'une salle \u00e0 manger ou d'un bureau.\r\n\r\nEn ouvrant le rabat, on d\u00e9couvre le bureau. Derri\u00e8re celui-ci, vous trouverez 2 portes coulissantes et 2 tiroirs. Un petit espace de rangement est \u00e9galement cach\u00e9. Il appara\u00eet lorsque vous tirez un levier m\u00e9tallique dans le compartiment gauche \u00e0 l'avant. En bas, vous trouverez 6 tiroirs avec de belles poign\u00e9es.\r\n\r\nP\u00e9riode de conception : 1960-1970\r\nStyle : Mid century modern, vintage\r\n\u00c9tat : En bon \u00e9tat vintage\r\nDesigner : Sigfrid Omann\r\n\r\nLes dimensions\r\nLargeur : 115 cm\r\nHauteur : 115 cm\r\nProfondeur : 47 cm","protected":false},"featured_media":17456,"template":"","meta":{"_acf_changed":false},"product_brand":[],"product_cat":[103],"product_tag":[],"class_list":{"0":"post-17444","1":"product","2":"type-product","3":"status-publish","4":"has-post-thumbnail","6":"product_cat-archief","7":"product_shipping_class-koerier","9":"first","10":"outofstock","11":"shipping-taxable","12":"purchasable","13":"product-type-simple"},"composite_virtual":false,"composite_layout":"","composite_add_to_cart_form_location":"","composite_editable_in_cart":false,"composite_sold_individually_context":"","composite_shop_price_calc":"","composite_components":[],"composite_scenarios":[],"exclude_global_add_ons":[],"addons":[],"acf":[],"yoast_head":null,"yoast_head_json":null,"_links":{"self":[{"href":"https:\/\/www.charmig.nl\/fr\/wp-json\/wp\/v2\/product\/17444","targetHints":{"allow":["GET"]}}],"collection":[{"href":"https:\/\/www.charmig.nl\/fr\/wp-json\/wp\/v2\/product"}],"about":[{"href":"https:\/\/www.charmig.nl\/fr\/wp-json\/wp\/v2\/types\/product"}],"wp:featuredmedia":[{"embeddable":true,"href":"https:\/\/www.charmig.nl\/fr\/wp-json\/wp\/v2\/media\/17456"}],"wp:attachment":[{"href":"https:\/\/www.charmig.nl\/fr\/wp-json\/wp\/v2\/media?parent=17444"}],"wp:term":[{"taxonomy":"product_brand","embeddable":true,"href":"https:\/\/www.charmig.nl\/fr\/wp-json\/wp\/v2\/product_brand?post=17444"},{"taxonomy":"product_cat","embeddable":true,"href":"https:\/\/www.charmig.nl\/fr\/wp-json\/wp\/v2\/product_cat?post=17444"},{"taxonomy":"product_tag","embeddable":true,"href":"https:\/\/www.charmig.nl\/fr\/wp-json\/wp\/v2\/product_tag?post=17444"}],"curies":[{"name":"wp","href":"https:\/\/api.w.org\/{rel}","templated":true}]}}