{"id":17503,"date":"2024-12-09T16:24:54","date_gmt":"2024-12-09T15:24:54","guid":{"rendered":"https:\/\/www.charmig.nl\/?post_type=product&#038;p=17503"},"modified":"2026-04-23T09:36:32","modified_gmt":"2026-04-23T07:36:32","slug":"set-van-4-eetkamerstoelen-niels-otto-moller-eiken-model-75","status":"publish","type":"product","link":"https:\/\/www.charmig.nl\/fr\/produit\/archives\/set-van-4-eetkamerstoelen-niels-otto-moller-eiken-model-75\/","title":{"rendered":"Ensemble de 4 chaises de salle \u00e0 manger | Niels Otto Moller | Ch\u00eane | Mod\u00e8le 75"},"content":{"rendered":"","protected":false},"excerpt":{"rendered":"Num\u00e9ro d'article : 211421\r\n\r\nEnsemble de 4 chaises de salle \u00e0 manger vintage. Ces chaises ont \u00e9t\u00e9 con\u00e7ues par Niels Otto Moller, mod\u00e8le 75. Les chaises sont en ch\u00eane et \u00e9quip\u00e9es de nouveaux cordons en papier danois. Les cadres des chaises ont \u00e9t\u00e9 r\u00e9nov\u00e9s avec du savon danois.\r\n\r\nP\u00e9riode de cr\u00e9ation : 1950 - 1960\r\nStyle : Moderne du milieu du si\u00e8cle - Design danois - Design scandinave - Japonais\r\nMat\u00e9riau : Ch\u00eane, Papercord danois\r\n\u00c9tat : restaur\u00e9, cadres v\u00e9rifi\u00e9s et \u00e9quip\u00e9s de nouvelles cordes en papier.\r\nCr\u00e9ateur : Niels Otto Moller\r\nFabricant : JL Mollers Mobelfabrik\r\n\r\nDimensions : Hauteur : 74 cm\r\nHauteur : 74 cm\r\nHauteur de l'assise : 45 cm\r\nLargeur : 50 cm\r\nProfondeur : 48 cm","protected":false},"featured_media":17518,"template":"","meta":{"_acf_changed":false},"product_brand":[],"product_cat":[103],"product_tag":[],"class_list":{"0":"post-17503","1":"product","2":"type-product","3":"status-publish","4":"has-post-thumbnail","6":"product_cat-archief","7":"product_shipping_class-koerier","9":"first","10":"outofstock","11":"shipping-taxable","12":"purchasable","13":"product-type-simple"},"composite_virtual":false,"composite_layout":"","composite_add_to_cart_form_location":"","composite_editable_in_cart":false,"composite_sold_individually_context":"","composite_shop_price_calc":"","composite_components":[],"composite_scenarios":[],"exclude_global_add_ons":[],"addons":[],"acf":[],"yoast_head":null,"yoast_head_json":null,"_links":{"self":[{"href":"https:\/\/www.charmig.nl\/fr\/wp-json\/wp\/v2\/product\/17503","targetHints":{"allow":["GET"]}}],"collection":[{"href":"https:\/\/www.charmig.nl\/fr\/wp-json\/wp\/v2\/product"}],"about":[{"href":"https:\/\/www.charmig.nl\/fr\/wp-json\/wp\/v2\/types\/product"}],"wp:featuredmedia":[{"embeddable":true,"href":"https:\/\/www.charmig.nl\/fr\/wp-json\/wp\/v2\/media\/17518"}],"wp:attachment":[{"href":"https:\/\/www.charmig.nl\/fr\/wp-json\/wp\/v2\/media?parent=17503"}],"wp:term":[{"taxonomy":"product_brand","embeddable":true,"href":"https:\/\/www.charmig.nl\/fr\/wp-json\/wp\/v2\/product_brand?post=17503"},{"taxonomy":"product_cat","embeddable":true,"href":"https:\/\/www.charmig.nl\/fr\/wp-json\/wp\/v2\/product_cat?post=17503"},{"taxonomy":"product_tag","embeddable":true,"href":"https:\/\/www.charmig.nl\/fr\/wp-json\/wp\/v2\/product_tag?post=17503"}],"curies":[{"name":"wp","href":"https:\/\/api.w.org\/{rel}","templated":true}]}}