{"id":17520,"date":"2024-12-09T16:36:01","date_gmt":"2024-12-09T15:36:01","guid":{"rendered":"https:\/\/www.charmig.nl\/?post_type=product&#038;p=17520"},"modified":"2026-04-23T09:36:32","modified_gmt":"2026-04-23T07:36:32","slug":"vintage-eettafel-rond-teak-uitschuifbaar-115-cm-2","status":"publish","type":"product","link":"https:\/\/www.charmig.nl\/fr\/produit\/archives\/vintage-eettafel-rond-teak-uitschuifbaar-115-cm-2\/","title":{"rendered":"Table de salle \u00e0 manger vintage | Ronde | Teck | extensible | 115 cm"},"content":{"rendered":"","protected":false},"excerpt":{"rendered":"Num\u00e9ro d'article : 211422\r\n\r\nCette table ronde danoise est fabriqu\u00e9e en teck. La table de salle \u00e0 manger ronde en bois peut \u00eatre rallong\u00e9e par deux feuilles interm\u00e9diaires, ce qui est pratique lorsque des personnes viennent manger, par exemple.\r\n\r\nP\u00e9riode de conception : 1950-1960\r\nStyle : moderne du milieu du si\u00e8cle, design scandinave, design danois\r\n\u00c9tat : En bon \u00e9tat vintage, la rallonge pr\u00e9sente une l\u00e9g\u00e8re d\u00e9coloration par rapport \u00e0 la rallonge normale.\r\n\r\nLes dimensions\r\nDiam\u00e8tre : 115 cm\r\nRallong\u00e9e avec 1 plateau : 170 cm\r\nRallong\u00e9 avec 2 feuilles : 225 cm\r\nHauteur : 71 cm","protected":false},"featured_media":17522,"template":"","meta":{"_acf_changed":false},"product_brand":[],"product_cat":[103],"product_tag":[],"class_list":{"0":"post-17520","1":"product","2":"type-product","3":"status-publish","4":"has-post-thumbnail","6":"product_cat-archief","7":"product_shipping_class-koerier","9":"first","10":"outofstock","11":"shipping-taxable","12":"purchasable","13":"product-type-simple"},"composite_virtual":false,"composite_layout":"","composite_add_to_cart_form_location":"","composite_editable_in_cart":false,"composite_sold_individually_context":"","composite_shop_price_calc":"","composite_components":[],"composite_scenarios":[],"exclude_global_add_ons":[],"addons":[],"acf":[],"yoast_head":null,"yoast_head_json":null,"_links":{"self":[{"href":"https:\/\/www.charmig.nl\/fr\/wp-json\/wp\/v2\/product\/17520","targetHints":{"allow":["GET"]}}],"collection":[{"href":"https:\/\/www.charmig.nl\/fr\/wp-json\/wp\/v2\/product"}],"about":[{"href":"https:\/\/www.charmig.nl\/fr\/wp-json\/wp\/v2\/types\/product"}],"wp:featuredmedia":[{"embeddable":true,"href":"https:\/\/www.charmig.nl\/fr\/wp-json\/wp\/v2\/media\/17522"}],"wp:attachment":[{"href":"https:\/\/www.charmig.nl\/fr\/wp-json\/wp\/v2\/media?parent=17520"}],"wp:term":[{"taxonomy":"product_brand","embeddable":true,"href":"https:\/\/www.charmig.nl\/fr\/wp-json\/wp\/v2\/product_brand?post=17520"},{"taxonomy":"product_cat","embeddable":true,"href":"https:\/\/www.charmig.nl\/fr\/wp-json\/wp\/v2\/product_cat?post=17520"},{"taxonomy":"product_tag","embeddable":true,"href":"https:\/\/www.charmig.nl\/fr\/wp-json\/wp\/v2\/product_tag?post=17520"}],"curies":[{"name":"wp","href":"https:\/\/api.w.org\/{rel}","templated":true}]}}