{"id":17558,"date":"2024-12-13T09:40:42","date_gmt":"2024-12-13T08:40:42","guid":{"rendered":"https:\/\/www.charmig.nl\/?post_type=product&#038;p=17558"},"modified":"2026-04-23T09:36:33","modified_gmt":"2026-04-23T07:36:33","slug":"vintage-archiefkast-kantoorkast-schuifdeuren-lades","status":"publish","type":"product","link":"https:\/\/www.charmig.nl\/fr\/produit\/archives\/vintage-archiefkast-kantoorkast-schuifdeuren-lades\/","title":{"rendered":"Classeur vintage | Armoire de bureau | Portes coulissantes | Tiroirs"},"content":{"rendered":"","protected":false},"excerpt":{"rendered":"Num\u00e9ro d'article : 211409\r\n\r\nCe classeur vintage des ann\u00e9es 1960 est un meuble id\u00e9al pour un bureau et super pratique. Avec ses charmantes portes coulissantes, il offre un espace de rangement \u00e9l\u00e9gant et beaucoup d'ambiance en m\u00eame temps !\r\n\r\nDerri\u00e8re les portes coulissantes, vous trouverez 10 tiroirs pour vos papiers ou vos ustensiles d'\u00e9criture. Sur le c\u00f4t\u00e9 droit, vous disposez d'un espace pour vos dossiers ou des paniers pour d'autres objets. Avec ce meuble, vous disposez d'un vaste espace de rangement et ajoutez une touche de modernit\u00e9 mid-century \u00e0 votre bureau (\u00e0 domicile) !\r\n\r\nLe prix est pour 1 classeur.\r\n\r\nP\u00e9riode de conception : 1950-1960\r\nStyle : Moderne, vintage\r\nMat\u00e9riau : Teck\r\nCondition : En tr\u00e8s bon \u00e9tat vintage, le meuble a des traces d'utilisation appropri\u00e9es \u00e0 son \u00e2ge.\r\nMarque : Inconnue\r\n\r\nDimensions : Hauteur : 116 cm :\r\nHauteur : 116 cm\r\nLargeur : 118 cm\r\nProfondeur : 40 cm","protected":false},"featured_media":17569,"template":"","meta":{"_acf_changed":false},"product_brand":[],"product_cat":[103],"product_tag":[],"class_list":{"0":"post-17558","1":"product","2":"type-product","3":"status-publish","4":"has-post-thumbnail","6":"product_cat-archief","7":"product_shipping_class-koerier","9":"first","10":"outofstock","11":"shipping-taxable","12":"purchasable","13":"product-type-simple"},"composite_virtual":false,"composite_layout":"","composite_add_to_cart_form_location":"","composite_editable_in_cart":false,"composite_sold_individually_context":"","composite_shop_price_calc":"","composite_components":[],"composite_scenarios":[],"exclude_global_add_ons":[],"addons":[],"acf":[],"yoast_head":null,"yoast_head_json":null,"_links":{"self":[{"href":"https:\/\/www.charmig.nl\/fr\/wp-json\/wp\/v2\/product\/17558","targetHints":{"allow":["GET"]}}],"collection":[{"href":"https:\/\/www.charmig.nl\/fr\/wp-json\/wp\/v2\/product"}],"about":[{"href":"https:\/\/www.charmig.nl\/fr\/wp-json\/wp\/v2\/types\/product"}],"wp:featuredmedia":[{"embeddable":true,"href":"https:\/\/www.charmig.nl\/fr\/wp-json\/wp\/v2\/media\/17569"}],"wp:attachment":[{"href":"https:\/\/www.charmig.nl\/fr\/wp-json\/wp\/v2\/media?parent=17558"}],"wp:term":[{"taxonomy":"product_brand","embeddable":true,"href":"https:\/\/www.charmig.nl\/fr\/wp-json\/wp\/v2\/product_brand?post=17558"},{"taxonomy":"product_cat","embeddable":true,"href":"https:\/\/www.charmig.nl\/fr\/wp-json\/wp\/v2\/product_cat?post=17558"},{"taxonomy":"product_tag","embeddable":true,"href":"https:\/\/www.charmig.nl\/fr\/wp-json\/wp\/v2\/product_tag?post=17558"}],"curies":[{"name":"wp","href":"https:\/\/api.w.org\/{rel}","templated":true}]}}