{"id":17579,"date":"2024-12-13T09:58:12","date_gmt":"2024-12-13T08:58:12","guid":{"rendered":"https:\/\/www.charmig.nl\/?post_type=product&#038;p=17579"},"modified":"2026-04-23T09:36:33","modified_gmt":"2026-04-23T07:36:33","slug":"vintage-ladekast-palissander-4-lades","status":"publish","type":"product","link":"https:\/\/www.charmig.nl\/fr\/product\/archief\/vintage-ladekast-palissander-4-lades\/","title":{"rendered":"Commode vintage | bois de rose | 4 tiroirs"},"content":{"rendered":"","protected":false},"excerpt":{"rendered":"Num\u00e9ro d'article : 211399\r\n\r\nCette commode vintage \u00e0 4 tiroirs provient du Danemark et est en bois de rose. On ne voit pas \u00e7a souvent ! L'armoire a un look fou gr\u00e2ce \u00e0 la couleur frappante du bois et aux belles poign\u00e9es incrust\u00e9es. Cette commode s'int\u00e8gre parfaitement dans le couloir, la chambre \u00e0 coucher, le bureau ou le salon.\r\n\r\nP\u00e9riode de cr\u00e9ation : 1950 - 1960\r\nStyle : Mid century modern - Danish design - Scandinavian design\r\nMat\u00e9riau : Bois de rose\r\n\u00c9tat : Tr\u00e8s bon \u00e9tat vintage, traces d'utilisation correspondant \u00e0 l'\u00e2ge du meuble.\r\nDesigner : Inconnu\r\nFabricant : Inconnu\r\n\r\nDimensions du meuble.\r\nHauteur : 72 cm\r\nLargeur : 90 cm\r\nProfondeur : 45 cm","protected":false},"featured_media":17580,"template":"","meta":{"_acf_changed":false},"product_brand":[],"product_cat":[103],"product_tag":[],"class_list":{"0":"post-17579","1":"product","2":"type-product","3":"status-publish","4":"has-post-thumbnail","6":"product_cat-archief","7":"product_shipping_class-koerier","9":"first","10":"outofstock","11":"shipping-taxable","12":"purchasable","13":"product-type-simple"},"composite_virtual":false,"composite_layout":"","composite_add_to_cart_form_location":"","composite_editable_in_cart":false,"composite_sold_individually_context":"","composite_shop_price_calc":"","composite_components":[],"composite_scenarios":[],"exclude_global_add_ons":[],"addons":[],"acf":[],"yoast_head":null,"yoast_head_json":null,"_links":{"self":[{"href":"https:\/\/www.charmig.nl\/fr\/wp-json\/wp\/v2\/product\/17579","targetHints":{"allow":["GET"]}}],"collection":[{"href":"https:\/\/www.charmig.nl\/fr\/wp-json\/wp\/v2\/product"}],"about":[{"href":"https:\/\/www.charmig.nl\/fr\/wp-json\/wp\/v2\/types\/product"}],"wp:featuredmedia":[{"embeddable":true,"href":"https:\/\/www.charmig.nl\/fr\/wp-json\/wp\/v2\/media\/17580"}],"wp:attachment":[{"href":"https:\/\/www.charmig.nl\/fr\/wp-json\/wp\/v2\/media?parent=17579"}],"wp:term":[{"taxonomy":"product_brand","embeddable":true,"href":"https:\/\/www.charmig.nl\/fr\/wp-json\/wp\/v2\/product_brand?post=17579"},{"taxonomy":"product_cat","embeddable":true,"href":"https:\/\/www.charmig.nl\/fr\/wp-json\/wp\/v2\/product_cat?post=17579"},{"taxonomy":"product_tag","embeddable":true,"href":"https:\/\/www.charmig.nl\/fr\/wp-json\/wp\/v2\/product_tag?post=17579"}],"curies":[{"name":"wp","href":"https:\/\/api.w.org\/{rel}","templated":true}]}}