{"id":17651,"date":"2024-12-23T18:03:34","date_gmt":"2024-12-23T17:03:34","guid":{"rendered":"https:\/\/www.charmig.nl\/?post_type=product&#038;p=17651"},"modified":"2026-04-23T09:36:33","modified_gmt":"2026-04-23T07:36:33","slug":"vintage-eettafel-rond-teak-uitschuifbaar-114-cm","status":"publish","type":"product","link":"https:\/\/www.charmig.nl\/fr\/product\/archief\/vintage-eettafel-rond-teak-uitschuifbaar-114-cm\/","title":{"rendered":"Table de salle \u00e0 manger vintage | Ronde | Teck | extensible | 114 cm"},"content":{"rendered":"","protected":false},"excerpt":{"rendered":"Num\u00e9ro d'article : 211425\r\n\r\nCette table ronde danoise est fabriqu\u00e9e en teck. La table de salle \u00e0 manger ronde en bois peut \u00eatre rallong\u00e9e gr\u00e2ce \u00e0 deux allonges interm\u00e9diaires, utiles par exemple lorsque des personnes viennent manger. La table a un design simple et agr\u00e9able et une couleur chaude du bois.\r\n\r\nP\u00e9riode de conception : 1950-1960\r\nStyle : Mid century modern, Scandinavian design, Danish design\r\nCondition : En bon \u00e9tat vintage, 1 feuille interm\u00e9diaire a un l\u00e9ger anneau comme montr\u00e9 sur la photo.\r\n\r\nLes dimensions\r\nDiam\u00e8tre : 114 cm\r\nD\u00e9ploy\u00e9 avec 1 plateau : 164 cm\r\nD\u00e9ploy\u00e9 avec 2 feuilles : 214 cm\r\nHauteur : 72 cm","protected":false},"featured_media":17659,"template":"","meta":{"_acf_changed":false},"product_brand":[],"product_cat":[103],"product_tag":[],"class_list":{"0":"post-17651","1":"product","2":"type-product","3":"status-publish","4":"has-post-thumbnail","6":"product_cat-archief","7":"product_shipping_class-koerier","9":"first","10":"outofstock","11":"shipping-taxable","12":"purchasable","13":"product-type-simple"},"composite_virtual":false,"composite_layout":"","composite_add_to_cart_form_location":"","composite_editable_in_cart":false,"composite_sold_individually_context":"","composite_shop_price_calc":"","composite_components":[],"composite_scenarios":[],"exclude_global_add_ons":[],"addons":[],"acf":[],"yoast_head":null,"yoast_head_json":null,"_links":{"self":[{"href":"https:\/\/www.charmig.nl\/fr\/wp-json\/wp\/v2\/product\/17651","targetHints":{"allow":["GET"]}}],"collection":[{"href":"https:\/\/www.charmig.nl\/fr\/wp-json\/wp\/v2\/product"}],"about":[{"href":"https:\/\/www.charmig.nl\/fr\/wp-json\/wp\/v2\/types\/product"}],"wp:featuredmedia":[{"embeddable":true,"href":"https:\/\/www.charmig.nl\/fr\/wp-json\/wp\/v2\/media\/17659"}],"wp:attachment":[{"href":"https:\/\/www.charmig.nl\/fr\/wp-json\/wp\/v2\/media?parent=17651"}],"wp:term":[{"taxonomy":"product_brand","embeddable":true,"href":"https:\/\/www.charmig.nl\/fr\/wp-json\/wp\/v2\/product_brand?post=17651"},{"taxonomy":"product_cat","embeddable":true,"href":"https:\/\/www.charmig.nl\/fr\/wp-json\/wp\/v2\/product_cat?post=17651"},{"taxonomy":"product_tag","embeddable":true,"href":"https:\/\/www.charmig.nl\/fr\/wp-json\/wp\/v2\/product_tag?post=17651"}],"curies":[{"name":"wp","href":"https:\/\/api.w.org\/{rel}","templated":true}]}}