{"id":17672,"date":"2024-12-23T18:16:33","date_gmt":"2024-12-23T17:16:33","guid":{"rendered":"https:\/\/www.charmig.nl\/?post_type=product&#038;p=17672"},"modified":"2026-04-23T09:36:34","modified_gmt":"2026-04-23T07:36:34","slug":"vintage-ronde-eettafel-teak-uitschuifbaar-122-cm","status":"publish","type":"product","link":"https:\/\/www.charmig.nl\/fr\/produit\/archives\/vintage-ronde-eettafel-teak-uitschuifbaar-122-cm\/","title":{"rendered":"Table ronde vintage | Teck | extensible | 122 cm"},"content":{"rendered":"","protected":false},"excerpt":{"rendered":"Num\u00e9ro d'article : 211423\r\n\r\nCette table \u00e0 manger danoise allie \u00e9l\u00e9gance et fonctionnalit\u00e9 dans votre int\u00e9rieur. La table \u00e0 manger ronde pour 4 personnes peut \u00eatre transform\u00e9e en table \u00e0 manger pour au moins 6 personnes. Les deux rallonges sont faciles \u00e0 ajouter et \u00e0 enlever. La table de salle \u00e0 manger vintage pr\u00e9sente de belles marques sur le plateau et une finition \u00e9l\u00e9gante des bords.\r\n\r\nP\u00e9riode de conception : 1950-1960\r\nStyle : moderne du milieu du si\u00e8cle, design scandinave, design danois\r\nCondition : En bon \u00e9tat, les plateaux interm\u00e9diaires pr\u00e9sentent une d\u00e9coloration.\r\n\r\nDimensions de l'objet\r\nDiam\u00e8tre : 122 cm\r\nD\u00e9ploy\u00e9 avec 1 plateau : 170 cm\r\nD\u00e9ploy\u00e9 avec 2 feuilles : 219 cm\r\nHauteur : 73 cm","protected":false},"featured_media":17689,"template":"","meta":{"_acf_changed":false},"product_brand":[],"product_cat":[103],"product_tag":[],"class_list":{"0":"post-17672","1":"product","2":"type-product","3":"status-publish","4":"has-post-thumbnail","6":"product_cat-archief","7":"product_shipping_class-koerier","9":"first","10":"outofstock","11":"shipping-taxable","12":"product-type-simple"},"composite_virtual":false,"composite_layout":"","composite_add_to_cart_form_location":"","composite_editable_in_cart":false,"composite_sold_individually_context":"","composite_shop_price_calc":"","composite_components":[],"composite_scenarios":[],"exclude_global_add_ons":[],"addons":[],"acf":[],"yoast_head":null,"yoast_head_json":null,"_links":{"self":[{"href":"https:\/\/www.charmig.nl\/fr\/wp-json\/wp\/v2\/product\/17672","targetHints":{"allow":["GET"]}}],"collection":[{"href":"https:\/\/www.charmig.nl\/fr\/wp-json\/wp\/v2\/product"}],"about":[{"href":"https:\/\/www.charmig.nl\/fr\/wp-json\/wp\/v2\/types\/product"}],"wp:featuredmedia":[{"embeddable":true,"href":"https:\/\/www.charmig.nl\/fr\/wp-json\/wp\/v2\/media\/17689"}],"wp:attachment":[{"href":"https:\/\/www.charmig.nl\/fr\/wp-json\/wp\/v2\/media?parent=17672"}],"wp:term":[{"taxonomy":"product_brand","embeddable":true,"href":"https:\/\/www.charmig.nl\/fr\/wp-json\/wp\/v2\/product_brand?post=17672"},{"taxonomy":"product_cat","embeddable":true,"href":"https:\/\/www.charmig.nl\/fr\/wp-json\/wp\/v2\/product_cat?post=17672"},{"taxonomy":"product_tag","embeddable":true,"href":"https:\/\/www.charmig.nl\/fr\/wp-json\/wp\/v2\/product_tag?post=17672"}],"curies":[{"name":"wp","href":"https:\/\/api.w.org\/{rel}","templated":true}]}}