{"id":17810,"date":"2024-12-23T20:38:06","date_gmt":"2024-12-23T19:38:06","guid":{"rendered":"https:\/\/www.charmig.nl\/?post_type=product&#038;p=17810"},"modified":"2026-04-23T09:36:34","modified_gmt":"2026-04-23T07:36:34","slug":"set-van-2-vintage-fauteuils-hans-wegner-ge40","status":"publish","type":"product","link":"https:\/\/www.charmig.nl\/fr\/product\/archief\/set-van-2-vintage-fauteuils-hans-wegner-ge40\/","title":{"rendered":"Ensemble de 2 fauteuils vintage | Hans Wegner | GE40"},"content":{"rendered":"","protected":false},"excerpt":{"rendered":"Num\u00e9ro d'article : 211350\r\n\r\nCe magnifique ensemble de 2 fauteuils vintage est un v\u00e9ritable classique dans votre int\u00e9rieur du milieu du si\u00e8cle. Les fauteuils ont \u00e9t\u00e9 con\u00e7us par Hans Wegner au Danemark, mod\u00e8le GE40. Les fauteuils ont un design intemporel et s'assoient merveilleusement bien. Les fauteuils vintage sont recouverts d'un tissu en laine m\u00e9lang\u00e9e vert fonc\u00e9.\r\n\r\nP\u00e9riode de conception : ann\u00e9es 1960\r\nStyle : Vintage, Moderne\r\nMat\u00e9riau : Tissu\r\n\u00c9tat : En tr\u00e8s bon \u00e9tat\r\nDesigner : Hans Wegner\r\n\r\nDimensions : Largeur : 92 cm\r\nLargeur : 92 cm\r\nHauteur : 62 cm\r\nProfondeur : 84 cm\r\nHauteur de l'assise : 41 cm\r\nProfondeur de l'assise : 53 cm","protected":false},"featured_media":17823,"template":"","meta":{"_acf_changed":false},"product_brand":[],"product_cat":[103],"product_tag":[],"class_list":{"0":"post-17810","1":"product","2":"type-product","3":"status-publish","4":"has-post-thumbnail","6":"product_cat-archief","7":"product_shipping_class-koerier","9":"first","10":"outofstock","11":"shipping-taxable","12":"purchasable","13":"product-type-simple"},"composite_virtual":false,"composite_layout":"","composite_add_to_cart_form_location":"","composite_editable_in_cart":false,"composite_sold_individually_context":"","composite_shop_price_calc":"","composite_components":[],"composite_scenarios":[],"exclude_global_add_ons":[],"addons":[],"acf":[],"yoast_head":null,"yoast_head_json":null,"_links":{"self":[{"href":"https:\/\/www.charmig.nl\/fr\/wp-json\/wp\/v2\/product\/17810","targetHints":{"allow":["GET"]}}],"collection":[{"href":"https:\/\/www.charmig.nl\/fr\/wp-json\/wp\/v2\/product"}],"about":[{"href":"https:\/\/www.charmig.nl\/fr\/wp-json\/wp\/v2\/types\/product"}],"wp:featuredmedia":[{"embeddable":true,"href":"https:\/\/www.charmig.nl\/fr\/wp-json\/wp\/v2\/media\/17823"}],"wp:attachment":[{"href":"https:\/\/www.charmig.nl\/fr\/wp-json\/wp\/v2\/media?parent=17810"}],"wp:term":[{"taxonomy":"product_brand","embeddable":true,"href":"https:\/\/www.charmig.nl\/fr\/wp-json\/wp\/v2\/product_brand?post=17810"},{"taxonomy":"product_cat","embeddable":true,"href":"https:\/\/www.charmig.nl\/fr\/wp-json\/wp\/v2\/product_cat?post=17810"},{"taxonomy":"product_tag","embeddable":true,"href":"https:\/\/www.charmig.nl\/fr\/wp-json\/wp\/v2\/product_tag?post=17810"}],"curies":[{"name":"wp","href":"https:\/\/api.w.org\/{rel}","templated":true}]}}