{"id":17863,"date":"2025-01-02T16:21:40","date_gmt":"2025-01-02T15:21:40","guid":{"rendered":"https:\/\/www.charmig.nl\/?post_type=product&#038;p=17863"},"modified":"2026-04-23T09:36:35","modified_gmt":"2026-04-23T07:36:35","slug":"hanglamp-louis-poulsen-ph-4-3-wit","status":"publish","type":"product","link":"https:\/\/www.charmig.nl\/fr\/product\/archief\/hanglamp-louis-poulsen-ph-4-3-wit\/","title":{"rendered":"Lampe suspendue | Louis Poulsen | PH 4\/3 | Blanc"},"content":{"rendered":"","protected":false},"excerpt":{"rendered":"Num\u00e9ro d'article : 211432\r\n\r\nCette lampe suspendue intemporelle Louis Poulsen PH 4\/3 a \u00e9t\u00e9 con\u00e7ue par Poul Henningsen. Dans ce mod\u00e8le, la lumi\u00e8re est largement dirig\u00e9e vers le bas.\r\nLes abat-jours sont en aluminium avec une surface int\u00e9rieure blanche, ce qui cr\u00e9e une distribution lumineuse douce et agr\u00e9able. La lampe est recouverte d'une couche de poudre blanche.\r\n\r\nPlusieurs lampes sont disponibles.\r\n\r\nP\u00e9riode de conception:ann\u00e9es 1960\r\nStyle:Moderne du milieu du si\u00e8cle - design scandinave\r\nMat\u00e9riau:Aluminium\r\n\u00c9tat : Tr\u00e8s bon \u00e9tat vintage\r\nDesigner : Poul Henningsen\r\nMarque : Louis Poulsen\r\nMod\u00e8le : PH 4\/3\r\n\r\nDimensions de l'objet : Hauteur : 14 cm\r\nHauteur : 14 cm\r\nDiam\u00e8tre : 40 cm","protected":false},"featured_media":17865,"template":"","meta":{"_acf_changed":false},"product_brand":[],"product_cat":[103],"product_tag":[],"class_list":{"0":"post-17863","1":"product","2":"type-product","3":"status-publish","4":"has-post-thumbnail","6":"product_cat-archief","7":"product_shipping_class-klein-pakket","9":"first","10":"outofstock","11":"shipping-taxable","12":"purchasable","13":"product-type-simple"},"composite_virtual":false,"composite_layout":"","composite_add_to_cart_form_location":"","composite_editable_in_cart":false,"composite_sold_individually_context":"","composite_shop_price_calc":"","composite_components":[],"composite_scenarios":[],"exclude_global_add_ons":[],"addons":[],"acf":[],"yoast_head":null,"yoast_head_json":null,"_links":{"self":[{"href":"https:\/\/www.charmig.nl\/fr\/wp-json\/wp\/v2\/product\/17863","targetHints":{"allow":["GET"]}}],"collection":[{"href":"https:\/\/www.charmig.nl\/fr\/wp-json\/wp\/v2\/product"}],"about":[{"href":"https:\/\/www.charmig.nl\/fr\/wp-json\/wp\/v2\/types\/product"}],"wp:featuredmedia":[{"embeddable":true,"href":"https:\/\/www.charmig.nl\/fr\/wp-json\/wp\/v2\/media\/17865"}],"wp:attachment":[{"href":"https:\/\/www.charmig.nl\/fr\/wp-json\/wp\/v2\/media?parent=17863"}],"wp:term":[{"taxonomy":"product_brand","embeddable":true,"href":"https:\/\/www.charmig.nl\/fr\/wp-json\/wp\/v2\/product_brand?post=17863"},{"taxonomy":"product_cat","embeddable":true,"href":"https:\/\/www.charmig.nl\/fr\/wp-json\/wp\/v2\/product_cat?post=17863"},{"taxonomy":"product_tag","embeddable":true,"href":"https:\/\/www.charmig.nl\/fr\/wp-json\/wp\/v2\/product_tag?post=17863"}],"curies":[{"name":"wp","href":"https:\/\/api.w.org\/{rel}","templated":true}]}}