{"id":17888,"date":"2025-01-07T20:56:11","date_gmt":"2025-01-07T19:56:11","guid":{"rendered":"https:\/\/www.charmig.nl\/?post_type=product&#038;p=17888"},"modified":"2026-04-23T09:36:35","modified_gmt":"2026-04-23T07:36:35","slug":"vintage-eettafel-uitschuifbaar-teak-130-cm-2","status":"publish","type":"product","link":"https:\/\/www.charmig.nl\/fr\/product\/archief\/vintage-eettafel-uitschuifbaar-teak-130-cm-2\/","title":{"rendered":"Table de salle \u00e0 manger vintage | extensible | Teck | 130 cm"},"content":{"rendered":"","protected":false},"excerpt":{"rendered":"Num\u00e9ro d'article : 211436\r\n\r\nCette table de salle \u00e0 manger polyvalente est tr\u00e8s pratique. La table peut \u00eatre rallong\u00e9e gr\u00e2ce \u00e0 deux sections, qui se rangent facilement sous le plateau normal apr\u00e8s utilisation. Vous avez donc toujours de l'espace suppl\u00e9mentaire \u00e0 port\u00e9e de main ! Cette table vintage est dot\u00e9e de pieds joliment fa\u00e7onn\u00e9s.\r\n\r\nP\u00e9riode de conception : 1950-1960\r\nStyle : Mid century modern, Scandinavian design\r\nCondition : En bon \u00e9tat, les rallonges ont une petite diff\u00e9rence de couleur avec le plateau.\r\nPays d'origine : Danemark\r\n\r\nDimensions : Largeur : 130 cm.\r\nLargeur : 130 cm\r\nLargeur \u00e9tendue : 230 cm\r\nProfondeur : 85 cm\r\nHauteur : 73 cm\r\n\r\nLes articles des soldes d'\u00e9t\u00e9 ne peuvent pas \u00eatre retourn\u00e9s","protected":false},"featured_media":17902,"template":"","meta":{"_acf_changed":false},"product_brand":[],"product_cat":[103],"product_tag":[],"class_list":{"0":"post-17888","1":"product","2":"type-product","3":"status-publish","4":"has-post-thumbnail","6":"product_cat-archief","7":"product_shipping_class-koerier","9":"first","10":"outofstock","11":"sale","12":"shipping-taxable","13":"purchasable","14":"product-type-simple"},"composite_virtual":false,"composite_layout":"","composite_add_to_cart_form_location":"","composite_editable_in_cart":false,"composite_sold_individually_context":"","composite_shop_price_calc":"","composite_components":[],"composite_scenarios":[],"exclude_global_add_ons":[],"addons":[],"acf":[],"yoast_head":null,"yoast_head_json":null,"_links":{"self":[{"href":"https:\/\/www.charmig.nl\/fr\/wp-json\/wp\/v2\/product\/17888","targetHints":{"allow":["GET"]}}],"collection":[{"href":"https:\/\/www.charmig.nl\/fr\/wp-json\/wp\/v2\/product"}],"about":[{"href":"https:\/\/www.charmig.nl\/fr\/wp-json\/wp\/v2\/types\/product"}],"wp:featuredmedia":[{"embeddable":true,"href":"https:\/\/www.charmig.nl\/fr\/wp-json\/wp\/v2\/media\/17902"}],"wp:attachment":[{"href":"https:\/\/www.charmig.nl\/fr\/wp-json\/wp\/v2\/media?parent=17888"}],"wp:term":[{"taxonomy":"product_brand","embeddable":true,"href":"https:\/\/www.charmig.nl\/fr\/wp-json\/wp\/v2\/product_brand?post=17888"},{"taxonomy":"product_cat","embeddable":true,"href":"https:\/\/www.charmig.nl\/fr\/wp-json\/wp\/v2\/product_cat?post=17888"},{"taxonomy":"product_tag","embeddable":true,"href":"https:\/\/www.charmig.nl\/fr\/wp-json\/wp\/v2\/product_tag?post=17888"}],"curies":[{"name":"wp","href":"https:\/\/api.w.org\/{rel}","templated":true}]}}