{"id":17925,"date":"2025-01-09T18:20:38","date_gmt":"2025-01-09T17:20:38","guid":{"rendered":"https:\/\/www.charmig.nl\/?post_type=product&#038;p=17925"},"modified":"2026-04-23T09:36:35","modified_gmt":"2026-04-23T07:36:35","slug":"set-van-4-eetkamerstoelen-casala-teak-gerestaureerd","status":"publish","type":"product","link":"https:\/\/www.charmig.nl\/fr\/product\/archief\/set-van-4-eetkamerstoelen-casala-teak-gerestaureerd\/","title":{"rendered":"Ensemble de 4 chaises de salle \u00e0 manger | Casala | Teck | Restaur\u00e9"},"content":{"rendered":"","protected":false},"excerpt":{"rendered":"Num\u00e9ro d'article : 211428\r\n\r\nEnsemble de 4 magnifiques chaises de salle \u00e0 manger vintage en bois de teck. Ces chaises ont \u00e9t\u00e9 fabriqu\u00e9es par Casala en Allemagne. L'ensemble des chaises de salle \u00e0 manger ont des si\u00e8ges neufs et sont retapiss\u00e9s dans un beau tissu intemporel en vert fonc\u00e9.\r\n\r\nP\u00e9riode de conception : 1950 - 1960\r\nStyle : Mid century modern - Vintage\r\nMat\u00e9riau : Teck, tissu\r\nCondition : Restaur\u00e9, les cadres sont v\u00e9rifi\u00e9s et les si\u00e8ges ont une nouvelle mousse \u00e0 froid (pantera) et sont retapiss\u00e9s.\r\nDesigner : Casala\r\n\r\nDimensions : Hauteur : 76 cm :\r\nHauteur : 76 cm\r\nHauteur de l'assise : 46 cm\r\nLargeur : 47 cm\r\nProfondeur : 47 cm","protected":false},"featured_media":17926,"template":"","meta":{"_acf_changed":false},"product_brand":[],"product_cat":[103],"product_tag":[],"class_list":{"0":"post-17925","1":"product","2":"type-product","3":"status-publish","4":"has-post-thumbnail","6":"product_cat-archief","7":"product_shipping_class-koerier","9":"first","10":"outofstock","11":"shipping-taxable","12":"purchasable","13":"product-type-simple"},"composite_virtual":false,"composite_layout":"","composite_add_to_cart_form_location":"","composite_editable_in_cart":false,"composite_sold_individually_context":"","composite_shop_price_calc":"","composite_components":[],"composite_scenarios":[],"exclude_global_add_ons":[],"addons":[],"acf":[],"yoast_head":null,"yoast_head_json":null,"_links":{"self":[{"href":"https:\/\/www.charmig.nl\/fr\/wp-json\/wp\/v2\/product\/17925","targetHints":{"allow":["GET"]}}],"collection":[{"href":"https:\/\/www.charmig.nl\/fr\/wp-json\/wp\/v2\/product"}],"about":[{"href":"https:\/\/www.charmig.nl\/fr\/wp-json\/wp\/v2\/types\/product"}],"wp:featuredmedia":[{"embeddable":true,"href":"https:\/\/www.charmig.nl\/fr\/wp-json\/wp\/v2\/media\/17926"}],"wp:attachment":[{"href":"https:\/\/www.charmig.nl\/fr\/wp-json\/wp\/v2\/media?parent=17925"}],"wp:term":[{"taxonomy":"product_brand","embeddable":true,"href":"https:\/\/www.charmig.nl\/fr\/wp-json\/wp\/v2\/product_brand?post=17925"},{"taxonomy":"product_cat","embeddable":true,"href":"https:\/\/www.charmig.nl\/fr\/wp-json\/wp\/v2\/product_cat?post=17925"},{"taxonomy":"product_tag","embeddable":true,"href":"https:\/\/www.charmig.nl\/fr\/wp-json\/wp\/v2\/product_tag?post=17925"}],"curies":[{"name":"wp","href":"https:\/\/api.w.org\/{rel}","templated":true}]}}