{"id":18024,"date":"2025-01-20T17:03:35","date_gmt":"2025-01-20T16:03:35","guid":{"rendered":"https:\/\/www.charmig.nl\/?post_type=product&#038;p=18024"},"modified":"2026-04-23T09:36:36","modified_gmt":"2026-04-23T07:36:36","slug":"3x-sergio-rodrigues-marbella-barkruk","status":"publish","type":"product","link":"https:\/\/www.charmig.nl\/fr\/product\/archief\/3x-sergio-rodrigues-marbella-barkruk\/","title":{"rendered":"3x Tabouret de bar Marbella de Sergio Rodrigues"},"content":{"rendered":"","protected":false},"excerpt":{"rendered":"Num\u00e9ro d'article : 211439\r\n\r\nLot de 3 tabourets de bar brutalistes 'Marbella' con\u00e7us par Sergio Rodrigues pour Confonorm dans les ann\u00e9es 1970. L'un des designs les plus c\u00e9l\u00e8bres du Br\u00e9silien Sergio Rodrigues, ce design est un atout pour votre cuisine !\r\n\r\nP\u00e9riode de conception : 1970\r\nStyle : Mid century modern - Vintage - Brutalist\r\nMat\u00e9riau : Bois - m\u00e9tal\r\n\u00c9tat : En tr\u00e8s bon \u00e9tat. Traces d'utilisation minimes.\r\nDesigner : Sergio Rodrigues pour Confonorm\r\n\r\nDimensions :\r\nHauteur du dossier : 84 cm\r\nHauteur de l'assise : 75 cm\r\nLargeur : 53 cm\r\nProfondeur : 41 cm","protected":false},"featured_media":18026,"template":"","meta":{"_acf_changed":false},"product_brand":[],"product_cat":[103],"product_tag":[],"class_list":{"0":"post-18024","1":"product","2":"type-product","3":"status-publish","4":"has-post-thumbnail","6":"product_cat-archief","7":"product_shipping_class-koerier","9":"first","10":"outofstock","11":"shipping-taxable","12":"purchasable","13":"product-type-simple"},"composite_virtual":false,"composite_layout":"","composite_add_to_cart_form_location":"","composite_editable_in_cart":false,"composite_sold_individually_context":"","composite_shop_price_calc":"","composite_components":[],"composite_scenarios":[],"exclude_global_add_ons":[],"addons":[],"acf":[],"yoast_head":null,"yoast_head_json":null,"_links":{"self":[{"href":"https:\/\/www.charmig.nl\/fr\/wp-json\/wp\/v2\/product\/18024","targetHints":{"allow":["GET"]}}],"collection":[{"href":"https:\/\/www.charmig.nl\/fr\/wp-json\/wp\/v2\/product"}],"about":[{"href":"https:\/\/www.charmig.nl\/fr\/wp-json\/wp\/v2\/types\/product"}],"wp:featuredmedia":[{"embeddable":true,"href":"https:\/\/www.charmig.nl\/fr\/wp-json\/wp\/v2\/media\/18026"}],"wp:attachment":[{"href":"https:\/\/www.charmig.nl\/fr\/wp-json\/wp\/v2\/media?parent=18024"}],"wp:term":[{"taxonomy":"product_brand","embeddable":true,"href":"https:\/\/www.charmig.nl\/fr\/wp-json\/wp\/v2\/product_brand?post=18024"},{"taxonomy":"product_cat","embeddable":true,"href":"https:\/\/www.charmig.nl\/fr\/wp-json\/wp\/v2\/product_cat?post=18024"},{"taxonomy":"product_tag","embeddable":true,"href":"https:\/\/www.charmig.nl\/fr\/wp-json\/wp\/v2\/product_tag?post=18024"}],"curies":[{"name":"wp","href":"https:\/\/api.w.org\/{rel}","templated":true}]}}