{"id":18113,"date":"2025-01-20T20:30:12","date_gmt":"2025-01-20T19:30:12","guid":{"rendered":"https:\/\/www.charmig.nl\/?post_type=product&#038;p=18113"},"modified":"2026-04-23T09:36:36","modified_gmt":"2026-04-23T07:36:36","slug":"vintage-ottoman-niels-otto-moller-model-80a","status":"publish","type":"product","link":"https:\/\/www.charmig.nl\/fr\/product\/archief\/vintage-ottoman-niels-otto-moller-model-80a\/","title":{"rendered":"Tabouret vintage | Niels Otto Moller | Ch\u00eane | Mod\u00e8le 80A"},"content":{"rendered":"","protected":false},"excerpt":{"rendered":"Num\u00e9ro d'article : 211460\r\n\r\nTr\u00e8s beau et rare pouf, mod\u00e8le 80A con\u00e7u par Niels O. Moller et produit par J.L. Moller Mobelfabrik au Danemark en 1951. Ce magnifique ottoman scandinave est fini en ch\u00eane et comporte un nouveau cordon danois.\r\n\r\nP\u00e9riode de cr\u00e9ation : 1950 - 1960\r\nStyle : moderne du milieu du si\u00e8cle - design scandinave - design danois\r\nMat\u00e9riau : Teck, cordon danois\r\nCondition : en tr\u00e8s bon \u00e9tat, avec un nouveau cordon danois.\r\nPays d'origine : Danemark\r\nDesigner : Niels O. Moller\r\nFabricant : J.L. Moller Mobelfabrik\r\n\r\nDimensions : Hauteur : 46 cm :\r\nHauteur : 46 cm\r\nLargeur : 50 cm\r\nProfondeur : 36 cm","protected":false},"featured_media":18117,"template":"","meta":{"_acf_changed":false},"product_brand":[],"product_cat":[103],"product_tag":[],"class_list":{"0":"post-18113","1":"product","2":"type-product","3":"status-publish","4":"has-post-thumbnail","6":"product_cat-archief","8":"first","9":"outofstock","10":"shipping-taxable","11":"purchasable","12":"product-type-simple"},"composite_virtual":false,"composite_layout":"","composite_add_to_cart_form_location":"","composite_editable_in_cart":false,"composite_sold_individually_context":"","composite_shop_price_calc":"","composite_components":[],"composite_scenarios":[],"exclude_global_add_ons":[],"addons":[],"acf":[],"yoast_head":null,"yoast_head_json":null,"_links":{"self":[{"href":"https:\/\/www.charmig.nl\/fr\/wp-json\/wp\/v2\/product\/18113","targetHints":{"allow":["GET"]}}],"collection":[{"href":"https:\/\/www.charmig.nl\/fr\/wp-json\/wp\/v2\/product"}],"about":[{"href":"https:\/\/www.charmig.nl\/fr\/wp-json\/wp\/v2\/types\/product"}],"wp:featuredmedia":[{"embeddable":true,"href":"https:\/\/www.charmig.nl\/fr\/wp-json\/wp\/v2\/media\/18117"}],"wp:attachment":[{"href":"https:\/\/www.charmig.nl\/fr\/wp-json\/wp\/v2\/media?parent=18113"}],"wp:term":[{"taxonomy":"product_brand","embeddable":true,"href":"https:\/\/www.charmig.nl\/fr\/wp-json\/wp\/v2\/product_brand?post=18113"},{"taxonomy":"product_cat","embeddable":true,"href":"https:\/\/www.charmig.nl\/fr\/wp-json\/wp\/v2\/product_cat?post=18113"},{"taxonomy":"product_tag","embeddable":true,"href":"https:\/\/www.charmig.nl\/fr\/wp-json\/wp\/v2\/product_tag?post=18113"}],"curies":[{"name":"wp","href":"https:\/\/api.w.org\/{rel}","templated":true}]}}