{"id":18195,"date":"2025-01-24T12:22:07","date_gmt":"2025-01-24T11:22:07","guid":{"rendered":"https:\/\/www.charmig.nl\/?post_type=product&#038;p=18195"},"modified":"2026-04-23T09:36:37","modified_gmt":"2026-04-23T07:36:37","slug":"vintage-eettafel-uitschuifbaar-henning-kjaernulf-teak","status":"publish","type":"product","link":"https:\/\/www.charmig.nl\/fr\/product\/archief\/vintage-eettafel-uitschuifbaar-henning-kjaernulf-teak\/","title":{"rendered":"Table de salle \u00e0 manger vintage | extensible | Henning Kjaernulf | Teck"},"content":{"rendered":"","protected":false},"excerpt":{"rendered":"Num\u00e9ro d'article : 211468\r\n\r\nTable de salle \u00e0 manger extensible vintage des ann\u00e9es 1960, con\u00e7ue par Henning Kjaernulf pour Vejle Stolefabrik. Il s'agit d'une belle table robuste de grande taille. On ne trouve pas souvent cette largeur sur les tables de salle \u00e0 manger rectangulaires vintage. Les feuilles suppl\u00e9mentaires sont gliss\u00e9es sous le plateau de la table. Lorsque la table est r\u00e9tract\u00e9e, les rallonges sont compl\u00e8tement cach\u00e9es. Le design inhabituel du pi\u00e8tement fait de cette table un v\u00e9ritable accroche-regard vintage !\r\n\r\nP\u00e9riode de cr\u00e9ation : 1950-1960\r\nStyle : moderne du milieu du si\u00e8cle, design scandinave\r\nMat\u00e9riau : Teck\r\n\u00c9tat : En tr\u00e8s bon \u00e9tat\r\nDesigner : Henning Kjaernulf\r\nFabricant : Vejle Stolefabrik\r\n\r\nLes dimensions\r\nLargeur : 164 cm\r\nLargeur \u00e9tendue : 274 cm\r\nProfondeur : 94 cm\r\nHauteur : 74 cm","protected":false},"featured_media":18198,"template":"","meta":{"_acf_changed":false},"product_brand":[],"product_cat":[103],"product_tag":[],"class_list":{"0":"post-18195","1":"product","2":"type-product","3":"status-publish","4":"has-post-thumbnail","6":"product_cat-archief","7":"product_shipping_class-koerier","9":"first","10":"outofstock","11":"shipping-taxable","12":"purchasable","13":"product-type-simple"},"composite_virtual":false,"composite_layout":"","composite_add_to_cart_form_location":"","composite_editable_in_cart":false,"composite_sold_individually_context":"","composite_shop_price_calc":"","composite_components":[],"composite_scenarios":[],"exclude_global_add_ons":[],"addons":[],"acf":[],"yoast_head":null,"yoast_head_json":null,"_links":{"self":[{"href":"https:\/\/www.charmig.nl\/fr\/wp-json\/wp\/v2\/product\/18195","targetHints":{"allow":["GET"]}}],"collection":[{"href":"https:\/\/www.charmig.nl\/fr\/wp-json\/wp\/v2\/product"}],"about":[{"href":"https:\/\/www.charmig.nl\/fr\/wp-json\/wp\/v2\/types\/product"}],"wp:featuredmedia":[{"embeddable":true,"href":"https:\/\/www.charmig.nl\/fr\/wp-json\/wp\/v2\/media\/18198"}],"wp:attachment":[{"href":"https:\/\/www.charmig.nl\/fr\/wp-json\/wp\/v2\/media?parent=18195"}],"wp:term":[{"taxonomy":"product_brand","embeddable":true,"href":"https:\/\/www.charmig.nl\/fr\/wp-json\/wp\/v2\/product_brand?post=18195"},{"taxonomy":"product_cat","embeddable":true,"href":"https:\/\/www.charmig.nl\/fr\/wp-json\/wp\/v2\/product_cat?post=18195"},{"taxonomy":"product_tag","embeddable":true,"href":"https:\/\/www.charmig.nl\/fr\/wp-json\/wp\/v2\/product_tag?post=18195"}],"curies":[{"name":"wp","href":"https:\/\/api.w.org\/{rel}","templated":true}]}}