{"id":18417,"date":"2025-01-30T20:30:10","date_gmt":"2025-01-30T19:30:10","guid":{"rendered":"https:\/\/www.charmig.nl\/?post_type=product&#038;p=18417"},"modified":"2026-04-23T09:36:40","modified_gmt":"2026-04-23T07:36:40","slug":"5-x-eetkamerstoel-farstrup-model-210","status":"publish","type":"product","link":"https:\/\/www.charmig.nl\/fr\/product\/archief\/5-x-eetkamerstoel-farstrup-model-210\/","title":{"rendered":"5 x chaise de salle \u00e0 manger | Farstrup | Mod\u00e8le 210"},"content":{"rendered":"","protected":false},"excerpt":{"rendered":"Num\u00e9ro d'article : 211472\r\n\r\nMagnifique ensemble de 5 chaises de salle \u00e0 manger vintage de la marque Farstrup, mod\u00e8le 210. Les chaises ont \u00e9t\u00e9 con\u00e7ues par Thomas Harlev dans les ann\u00e9es 1960. Les cadres sont en h\u00eatre et le dossier est en teck. Les chaises vintage ont une forme \u00e9l\u00e9gante et s'adaptent \u00e0 n'importe quel int\u00e9rieur ! Les chaises sont recouvertes d'un rev\u00eatement beige avec des touches de jaune ocre et de bleu tr\u00e8s fonc\u00e9.\r\n\r\nP\u00e9riode de conception : 1950 - 1960\r\nStyle : moderne du milieu du si\u00e8cle - design danois - design scandinave\r\nMat\u00e9riau : Teck\r\n\u00c9tat : tr\u00e8s bon \u00e9tat vintage\r\nFabricant : Farstrup\r\nDesigner : Thomas Harlev\r\n\r\nDimensions de l'objet :\r\nHauteur : 77 cm\r\nHauteur de l'assise : 46 cm\r\nLargeur : 51 cm\r\nProfondeur : 47 cm","protected":false},"featured_media":18418,"template":"","meta":{"_acf_changed":false},"product_brand":[],"product_cat":[103],"product_tag":[],"class_list":{"0":"post-18417","1":"product","2":"type-product","3":"status-publish","4":"has-post-thumbnail","6":"product_cat-archief","7":"product_shipping_class-koerier","9":"first","10":"outofstock","11":"shipping-taxable","12":"purchasable","13":"product-type-simple"},"composite_virtual":false,"composite_layout":"","composite_add_to_cart_form_location":"","composite_editable_in_cart":false,"composite_sold_individually_context":"","composite_shop_price_calc":"","composite_components":[],"composite_scenarios":[],"exclude_global_add_ons":[],"addons":[],"acf":[],"yoast_head":null,"yoast_head_json":null,"_links":{"self":[{"href":"https:\/\/www.charmig.nl\/fr\/wp-json\/wp\/v2\/product\/18417","targetHints":{"allow":["GET"]}}],"collection":[{"href":"https:\/\/www.charmig.nl\/fr\/wp-json\/wp\/v2\/product"}],"about":[{"href":"https:\/\/www.charmig.nl\/fr\/wp-json\/wp\/v2\/types\/product"}],"wp:featuredmedia":[{"embeddable":true,"href":"https:\/\/www.charmig.nl\/fr\/wp-json\/wp\/v2\/media\/18418"}],"wp:attachment":[{"href":"https:\/\/www.charmig.nl\/fr\/wp-json\/wp\/v2\/media?parent=18417"}],"wp:term":[{"taxonomy":"product_brand","embeddable":true,"href":"https:\/\/www.charmig.nl\/fr\/wp-json\/wp\/v2\/product_brand?post=18417"},{"taxonomy":"product_cat","embeddable":true,"href":"https:\/\/www.charmig.nl\/fr\/wp-json\/wp\/v2\/product_cat?post=18417"},{"taxonomy":"product_tag","embeddable":true,"href":"https:\/\/www.charmig.nl\/fr\/wp-json\/wp\/v2\/product_tag?post=18417"}],"curies":[{"name":"wp","href":"https:\/\/api.w.org\/{rel}","templated":true}]}}