{"id":18503,"date":"2025-01-31T16:32:24","date_gmt":"2025-01-31T15:32:24","guid":{"rendered":"https:\/\/www.charmig.nl\/?post_type=product&#038;p=18503"},"modified":"2026-04-23T09:36:41","modified_gmt":"2026-04-23T07:36:41","slug":"vintage-eettafel-rond-teak-uitschuifbaar-122-cm","status":"publish","type":"product","link":"https:\/\/www.charmig.nl\/fr\/produit\/archives\/vintage-eettafel-rond-teak-uitschuifbaar-122-cm\/","title":{"rendered":"Table de salle \u00e0 manger vintage | ronde | teck | extensible | 122 cm"},"content":{"rendered":"","protected":false},"excerpt":{"rendered":"Num\u00e9ro d'article : 211479\r\n\r\nCette table ronde danoise est fabriqu\u00e9e en teck. La table de salle \u00e0 manger ronde en bois peut \u00eatre rallong\u00e9e par un plateau de table, ce qui est utile lorsque des personnes viennent manger, par exemple. La table est dot\u00e9e d'un beau bord fini et d'une base \u00e9l\u00e9gante.\r\n\r\nP\u00e9riode de conception : 1950-1960\r\nStyle : moderne du milieu du si\u00e8cle, design scandinave, design danois\r\nCondition : En bon \u00e9tat vintage, le plateau a quelques dommages dus \u00e0 l'eau et au placage. Ceci est visible sur les photos.\r\n\r\nLes dimensions\r\nDiam\u00e8tre : 122 cm\r\nLongueur avec 1 plateau : 174 cm\r\nHauteur : 73 cm","protected":false},"featured_media":18505,"template":"","meta":{"_acf_changed":false},"product_brand":[],"product_cat":[103],"product_tag":[],"class_list":{"0":"post-18503","1":"product","2":"type-product","3":"status-publish","4":"has-post-thumbnail","6":"product_cat-archief","7":"product_shipping_class-koerier","9":"first","10":"outofstock","11":"shipping-taxable","12":"purchasable","13":"product-type-simple"},"composite_virtual":false,"composite_layout":"","composite_add_to_cart_form_location":"","composite_editable_in_cart":false,"composite_sold_individually_context":"","composite_shop_price_calc":"","composite_components":[],"composite_scenarios":[],"exclude_global_add_ons":[],"addons":[],"acf":[],"yoast_head":null,"yoast_head_json":null,"_links":{"self":[{"href":"https:\/\/www.charmig.nl\/fr\/wp-json\/wp\/v2\/product\/18503","targetHints":{"allow":["GET"]}}],"collection":[{"href":"https:\/\/www.charmig.nl\/fr\/wp-json\/wp\/v2\/product"}],"about":[{"href":"https:\/\/www.charmig.nl\/fr\/wp-json\/wp\/v2\/types\/product"}],"wp:featuredmedia":[{"embeddable":true,"href":"https:\/\/www.charmig.nl\/fr\/wp-json\/wp\/v2\/media\/18505"}],"wp:attachment":[{"href":"https:\/\/www.charmig.nl\/fr\/wp-json\/wp\/v2\/media?parent=18503"}],"wp:term":[{"taxonomy":"product_brand","embeddable":true,"href":"https:\/\/www.charmig.nl\/fr\/wp-json\/wp\/v2\/product_brand?post=18503"},{"taxonomy":"product_cat","embeddable":true,"href":"https:\/\/www.charmig.nl\/fr\/wp-json\/wp\/v2\/product_cat?post=18503"},{"taxonomy":"product_tag","embeddable":true,"href":"https:\/\/www.charmig.nl\/fr\/wp-json\/wp\/v2\/product_tag?post=18503"}],"curies":[{"name":"wp","href":"https:\/\/api.w.org\/{rel}","templated":true}]}}