{"id":18559,"date":"2025-01-31T17:09:33","date_gmt":"2025-01-31T16:09:33","guid":{"rendered":"https:\/\/www.charmig.nl\/?post_type=product&#038;p=18559"},"modified":"2026-04-23T09:36:41","modified_gmt":"2026-04-23T07:36:41","slug":"vintage-vloerlamp-messing-jo-hammerborg","status":"publish","type":"product","link":"https:\/\/www.charmig.nl\/fr\/product\/archief\/vintage-vloerlamp-messing-jo-hammerborg\/","title":{"rendered":"Lampadaire vintage | Laiton | Jo Hammerborg"},"content":{"rendered":"","protected":false},"excerpt":{"rendered":"Num\u00e9ro d'article : 211488\r\n\r\nCette lampe vintage est un design appel\u00e9 'Studio' par Jo Hammerborg pour Fog &amp; Morup. Le lampadaire a un abat-jour et une base en laiton et un pied brun fonc\u00e9. Vous pouvez faire briller la lampe dans diff\u00e9rentes directions. Elle peut \u00eatre r\u00e9gl\u00e9e de haut en bas et d'avant en arri\u00e8re. Une lampe de lecture id\u00e9ale !\r\n\r\nStyle : Moderne du milieu du si\u00e8cle - Design danois - Design scandinave\r\nMat\u00e9riau : Laiton\r\n\u00c9tat : Bon \u00e9tat vintage, la base a quelques bosses.\r\nDesigner : Jo Hammerborg\r\nMarque : Fog &amp; Morup\r\n\r\nDimensions : Hauteur : 143 cm :\r\nHauteur : 143 cm\r\nLargeur : 25 cm\r\nProfondeur : 28 cm","protected":false},"featured_media":18568,"template":"","meta":{"_acf_changed":false},"product_brand":[],"product_cat":[103],"product_tag":[],"class_list":{"0":"post-18559","1":"product","2":"type-product","3":"status-publish","4":"has-post-thumbnail","6":"product_cat-archief","7":"product_shipping_class-koerier","9":"first","10":"outofstock","11":"shipping-taxable","12":"purchasable","13":"product-type-simple"},"composite_virtual":false,"composite_layout":"","composite_add_to_cart_form_location":"","composite_editable_in_cart":false,"composite_sold_individually_context":"","composite_shop_price_calc":"","composite_components":[],"composite_scenarios":[],"exclude_global_add_ons":[],"addons":[],"acf":[],"yoast_head":null,"yoast_head_json":null,"_links":{"self":[{"href":"https:\/\/www.charmig.nl\/fr\/wp-json\/wp\/v2\/product\/18559","targetHints":{"allow":["GET"]}}],"collection":[{"href":"https:\/\/www.charmig.nl\/fr\/wp-json\/wp\/v2\/product"}],"about":[{"href":"https:\/\/www.charmig.nl\/fr\/wp-json\/wp\/v2\/types\/product"}],"wp:featuredmedia":[{"embeddable":true,"href":"https:\/\/www.charmig.nl\/fr\/wp-json\/wp\/v2\/media\/18568"}],"wp:attachment":[{"href":"https:\/\/www.charmig.nl\/fr\/wp-json\/wp\/v2\/media?parent=18559"}],"wp:term":[{"taxonomy":"product_brand","embeddable":true,"href":"https:\/\/www.charmig.nl\/fr\/wp-json\/wp\/v2\/product_brand?post=18559"},{"taxonomy":"product_cat","embeddable":true,"href":"https:\/\/www.charmig.nl\/fr\/wp-json\/wp\/v2\/product_cat?post=18559"},{"taxonomy":"product_tag","embeddable":true,"href":"https:\/\/www.charmig.nl\/fr\/wp-json\/wp\/v2\/product_tag?post=18559"}],"curies":[{"name":"wp","href":"https:\/\/api.w.org\/{rel}","templated":true}]}}