{"id":18592,"date":"2025-02-01T20:44:25","date_gmt":"2025-02-01T19:44:25","guid":{"rendered":"https:\/\/www.charmig.nl\/?post_type=product&#038;p=18592"},"modified":"2026-04-23T09:36:41","modified_gmt":"2026-04-23T07:36:41","slug":"vintage-dressoir-palissander-audiomeubel-wandkast-100-cm-2","status":"publish","type":"product","link":"https:\/\/www.charmig.nl\/fr\/product\/archief\/vintage-dressoir-palissander-audiomeubel-wandkast-100-cm-2\/","title":{"rendered":"Buffet vintage | Bois de rose | Meuble audio | Meuble haut | 100 cm"},"content":{"rendered":"","protected":false},"excerpt":{"rendered":"Num\u00e9ro d'article : 211484\r\n\r\nCe buffet vintage se pr\u00eate parfaitement \u00e0 une utilisation comme meuble audio gr\u00e2ce \u00e0 ses dimensions. Ce meuble a \u00e9t\u00e9 fabriqu\u00e9 pour Brouer M\u00f8belfabrik au Danemark. Le meuble vintage s'int\u00e8gre bien dans n'importe quel int\u00e9rieur, compact mais avec suffisamment d'espace pour vos livres ou votre vaisselle, par exemple. Et pourquoi pas votre tourne-disque ? Derri\u00e8re les deux portes, vous trouverez de nombreux espaces de rangement avec des \u00e9tag\u00e8res r\u00e9glables. Le meuble comporte \u00e9galement deux tiroirs, le tiroir de droite \u00e9tant dot\u00e9 d'un petit tiroir sup\u00e9rieur cach\u00e9. Le meuble pr\u00e9sente un magnifique motif en bois de rose et de belles poign\u00e9es.\r\n\r\nP\u00e9riode de cr\u00e9ation : 1950-1960\r\nStyle : Vintage, mid-century modern\r\n\u00c9tat : En tr\u00e8s bon \u00e9tat\r\nFabricant : Brouer M\u00f8belfabrik\r\n\r\nLes dimensions\r\nLargeur : 100 cm\r\nProfondeur : 50 cm\r\nHauteur : 79 cm","protected":false},"featured_media":18593,"template":"","meta":{"_acf_changed":false},"product_brand":[],"product_cat":[103],"product_tag":[],"class_list":{"0":"post-18592","1":"product","2":"type-product","3":"status-publish","4":"has-post-thumbnail","6":"product_cat-archief","7":"product_shipping_class-koerier","9":"first","10":"outofstock","11":"shipping-taxable","12":"purchasable","13":"product-type-simple"},"composite_virtual":false,"composite_layout":"","composite_add_to_cart_form_location":"","composite_editable_in_cart":false,"composite_sold_individually_context":"","composite_shop_price_calc":"","composite_components":[],"composite_scenarios":[],"exclude_global_add_ons":[],"addons":[],"acf":[],"yoast_head":null,"yoast_head_json":null,"_links":{"self":[{"href":"https:\/\/www.charmig.nl\/fr\/wp-json\/wp\/v2\/product\/18592","targetHints":{"allow":["GET"]}}],"collection":[{"href":"https:\/\/www.charmig.nl\/fr\/wp-json\/wp\/v2\/product"}],"about":[{"href":"https:\/\/www.charmig.nl\/fr\/wp-json\/wp\/v2\/types\/product"}],"wp:featuredmedia":[{"embeddable":true,"href":"https:\/\/www.charmig.nl\/fr\/wp-json\/wp\/v2\/media\/18593"}],"wp:attachment":[{"href":"https:\/\/www.charmig.nl\/fr\/wp-json\/wp\/v2\/media?parent=18592"}],"wp:term":[{"taxonomy":"product_brand","embeddable":true,"href":"https:\/\/www.charmig.nl\/fr\/wp-json\/wp\/v2\/product_brand?post=18592"},{"taxonomy":"product_cat","embeddable":true,"href":"https:\/\/www.charmig.nl\/fr\/wp-json\/wp\/v2\/product_cat?post=18592"},{"taxonomy":"product_tag","embeddable":true,"href":"https:\/\/www.charmig.nl\/fr\/wp-json\/wp\/v2\/product_tag?post=18592"}],"curies":[{"name":"wp","href":"https:\/\/api.w.org\/{rel}","templated":true}]}}