{"id":18623,"date":"2025-02-01T21:08:15","date_gmt":"2025-02-01T20:08:15","guid":{"rendered":"https:\/\/www.charmig.nl\/?post_type=product&#038;p=18623"},"modified":"2026-04-23T09:36:41","modified_gmt":"2026-04-23T07:36:41","slug":"vintage-deens-dressoir-palissander-omann-jun-120-cm-2","status":"publish","type":"product","link":"https:\/\/www.charmig.nl\/fr\/produit\/archives\/vintage-deens-dressoir-palissander-omann-jun-120-cm-2\/","title":{"rendered":"Buffet vintage danois | Bois de rose | Omann Jun | 120 cm"},"content":{"rendered":"","protected":false},"excerpt":{"rendered":"Num\u00e9ro d'article : 211486\r\n\r\nFantastique buffet vintage, qui s'int\u00e8gre parfaitement dans diff\u00e9rents styles d'int\u00e9rieur ! Ce meuble en bois de rose a \u00e9t\u00e9 fabriqu\u00e9 par Omann Jun au Danemark. Il s'agit du mod\u00e8le num\u00e9ro 3 et comporte 2 portes ouvrantes et 2 tiroirs lisses. Un design \u00e9l\u00e9gant avec des portes sans poign\u00e9es et un beau grain de bois. Une taille parfaite pour utiliser ce buffet comme meuble TV vintage.\r\n\r\nP\u00e9riode de conception : 1960-1970\r\nStyle : moderne du milieu du si\u00e8cle, design danois\r\nMat\u00e9riau : Bois de rose\r\nCondition : En bon \u00e9tat, rayures sur le dessus.\r\nDesigner : Omann Jun\r\n\r\nLes dimensions\r\nLargeur : 120 cm\r\nProfondeur : 42 cm\r\nHauteur : 81 cm","protected":false},"featured_media":18624,"template":"","meta":{"_acf_changed":false},"product_brand":[],"product_cat":[103],"product_tag":[],"class_list":{"0":"post-18623","1":"product","2":"type-product","3":"status-publish","4":"has-post-thumbnail","6":"product_cat-archief","7":"product_shipping_class-koerier","9":"first","10":"outofstock","11":"shipping-taxable","12":"purchasable","13":"product-type-simple"},"composite_virtual":false,"composite_layout":"","composite_add_to_cart_form_location":"","composite_editable_in_cart":false,"composite_sold_individually_context":"","composite_shop_price_calc":"","composite_components":[],"composite_scenarios":[],"exclude_global_add_ons":[],"addons":[],"acf":[],"yoast_head":null,"yoast_head_json":null,"_links":{"self":[{"href":"https:\/\/www.charmig.nl\/fr\/wp-json\/wp\/v2\/product\/18623","targetHints":{"allow":["GET"]}}],"collection":[{"href":"https:\/\/www.charmig.nl\/fr\/wp-json\/wp\/v2\/product"}],"about":[{"href":"https:\/\/www.charmig.nl\/fr\/wp-json\/wp\/v2\/types\/product"}],"wp:featuredmedia":[{"embeddable":true,"href":"https:\/\/www.charmig.nl\/fr\/wp-json\/wp\/v2\/media\/18624"}],"wp:attachment":[{"href":"https:\/\/www.charmig.nl\/fr\/wp-json\/wp\/v2\/media?parent=18623"}],"wp:term":[{"taxonomy":"product_brand","embeddable":true,"href":"https:\/\/www.charmig.nl\/fr\/wp-json\/wp\/v2\/product_brand?post=18623"},{"taxonomy":"product_cat","embeddable":true,"href":"https:\/\/www.charmig.nl\/fr\/wp-json\/wp\/v2\/product_cat?post=18623"},{"taxonomy":"product_tag","embeddable":true,"href":"https:\/\/www.charmig.nl\/fr\/wp-json\/wp\/v2\/product_tag?post=18623"}],"curies":[{"name":"wp","href":"https:\/\/api.w.org\/{rel}","templated":true}]}}