{"id":18639,"date":"2025-02-01T21:23:17","date_gmt":"2025-02-01T20:23:17","guid":{"rendered":"https:\/\/www.charmig.nl\/?post_type=product&#038;p=18639"},"modified":"2026-02-24T09:01:59","modified_gmt":"2026-02-24T08:01:59","slug":"vintage-secretaire-teak-100-cm","status":"publish","type":"product","link":"https:\/\/www.charmig.nl\/fr\/produit\/archives\/vintage-secretaire-teak-100-cm\/","title":{"rendered":"Secretaire vintage | Teck | 100 cm"},"content":{"rendered":"","protected":false},"excerpt":{"rendered":"Num\u00e9ro d'article : 211490\r\n\r\nMagnifique secr\u00e9taire des ann\u00e9es 1960. L'armoire vintage en bois de teck est \u00e9quip\u00e9e d'un bureau extensible, id\u00e9al ! L'armoire offre beaucoup d'espace de rangement. En haut, vous trouverez un compartiment et 6 petits tiroirs. En bas, vous trouverez \u00e9galement 6 tiroirs. L'armoire est tr\u00e8s \u00e9l\u00e9gante, notamment gr\u00e2ce aux belles poign\u00e9es.\r\n\r\nP\u00e9riode de conception : 1960-1970\r\nStyle : Vintage, mid-century modern\r\nCondition : En tr\u00e8s bon \u00e9tat, avec de l\u00e9g\u00e8res traces d'usure dues \u00e0 l'\u00e2ge du meuble.\r\nDesigner : Inconnu\r\n\r\nDimensions du meuble\r\nLargeur : 100 cm\r\nHauteur : 97 cm\r\nProfondeur : 41 cm","protected":false},"featured_media":18640,"template":"","meta":{"_acf_changed":false},"product_brand":[],"product_cat":[103],"product_tag":[],"class_list":{"0":"post-18639","1":"product","2":"type-product","3":"status-publish","4":"has-post-thumbnail","6":"product_cat-archief","7":"product_shipping_class-koerier","9":"first","10":"outofstock","11":"shipping-taxable","12":"purchasable","13":"product-type-simple"},"composite_virtual":false,"composite_layout":"","composite_add_to_cart_form_location":"","composite_editable_in_cart":false,"composite_sold_individually_context":"","composite_shop_price_calc":"","composite_components":[],"composite_scenarios":[],"exclude_global_add_ons":[],"addons":[],"acf":[],"yoast_head":null,"yoast_head_json":null,"_links":{"self":[{"href":"https:\/\/www.charmig.nl\/fr\/wp-json\/wp\/v2\/product\/18639","targetHints":{"allow":["GET"]}}],"collection":[{"href":"https:\/\/www.charmig.nl\/fr\/wp-json\/wp\/v2\/product"}],"about":[{"href":"https:\/\/www.charmig.nl\/fr\/wp-json\/wp\/v2\/types\/product"}],"wp:featuredmedia":[{"embeddable":true,"href":"https:\/\/www.charmig.nl\/fr\/wp-json\/wp\/v2\/media\/18640"}],"wp:attachment":[{"href":"https:\/\/www.charmig.nl\/fr\/wp-json\/wp\/v2\/media?parent=18639"}],"wp:term":[{"taxonomy":"product_brand","embeddable":true,"href":"https:\/\/www.charmig.nl\/fr\/wp-json\/wp\/v2\/product_brand?post=18639"},{"taxonomy":"product_cat","embeddable":true,"href":"https:\/\/www.charmig.nl\/fr\/wp-json\/wp\/v2\/product_cat?post=18639"},{"taxonomy":"product_tag","embeddable":true,"href":"https:\/\/www.charmig.nl\/fr\/wp-json\/wp\/v2\/product_tag?post=18639"}],"curies":[{"name":"wp","href":"https:\/\/api.w.org\/{rel}","templated":true}]}}