{"id":18703,"date":"2025-02-03T19:18:35","date_gmt":"2025-02-03T18:18:35","guid":{"rendered":"https:\/\/www.charmig.nl\/?post_type=product&#038;p=18703"},"modified":"2026-04-23T09:36:42","modified_gmt":"2026-04-23T07:36:42","slug":"6-x-eetkamerstoel-bramin-h-w-klein-teak-model-382","status":"publish","type":"product","link":"https:\/\/www.charmig.nl\/fr\/product\/meubels\/zitmeubelen\/eetkamerstoelen\/6-x-eetkamerstoel-bramin-h-w-klein-teak-model-382\/","title":{"rendered":"6 x chaise de salle \u00e0 manger | Bramin | H.W. Klein | Teck | Mod\u00e8le 382"},"content":{"rendered":"","protected":false},"excerpt":{"rendered":"Num\u00e9ro d'article : 211442\r\n\r\nCet ensemble de 6 chaises de salle \u00e0 manger danoises vintage respire le design pur, il suffit de regarder les belles formes arrondies et le dossier frappant. Ces chaises ont \u00e9t\u00e9 con\u00e7ues par H.W. Klein pour Bramin, mod\u00e8le 382. Les chaises sont finies en teck et rev\u00eatues d'un nouveau tissu gris clair. Super intemporel ! Cet ensemble unique se compose de 4 chaises sans accoudoirs et de 2 chaises avec accoudoirs.\r\n\r\n    P\u00e9riode de conception : 1950 - 1960\r\n    Style : moderne du milieu du si\u00e8cle - design danois - design scandinave\r\n    Mat\u00e9riau : Teck, tissu\r\n    \u00c9tat : restaur\u00e9, les cadres ont \u00e9t\u00e9 v\u00e9rifi\u00e9s et les si\u00e8ges ont \u00e9t\u00e9 recouverts d'un nouveau tissu. Le dossier d'une chaise \u00e9tait cass\u00e9, il a \u00e9t\u00e9 r\u00e9par\u00e9. Par cons\u00e9quent, cette chaise est l\u00e9g\u00e8rement plus droite que les autres.\r\n    Designer : H.W. Klein\r\n    Fabricant : Bramin\r\n\r\nDimensions sans accoudoir :\r\nHauteur : 79 cm\r\nHauteur de l'assise : 45 cm\r\nLargeur : 45 cm\r\nProfondeur : 52 cm\r\n\r\nDimensions avec accoudoir :\r\nHauteur : 79 cm\r\nHauteur de l'assise : 45 cm\r\nLargeur : 58 cm\r\nProfondeur : 52 cm","protected":false},"featured_media":18714,"template":"","meta":{"_acf_changed":false},"product_brand":[],"product_cat":[117,452],"product_tag":[],"class_list":{"0":"post-18703","1":"product","2":"type-product","3":"status-publish","4":"has-post-thumbnail","6":"product_cat-eetkamerstoelen","7":"product_cat-sale","8":"product_shipping_class-koerier","10":"first","11":"instock","12":"sale","13":"shipping-taxable","14":"purchasable","15":"product-type-simple"},"composite_virtual":false,"composite_layout":"","composite_add_to_cart_form_location":"","composite_editable_in_cart":false,"composite_sold_individually_context":"","composite_shop_price_calc":"","composite_components":[],"composite_scenarios":[],"exclude_global_add_ons":[],"addons":[],"acf":[],"yoast_head":null,"yoast_head_json":null,"_links":{"self":[{"href":"https:\/\/www.charmig.nl\/fr\/wp-json\/wp\/v2\/product\/18703","targetHints":{"allow":["GET"]}}],"collection":[{"href":"https:\/\/www.charmig.nl\/fr\/wp-json\/wp\/v2\/product"}],"about":[{"href":"https:\/\/www.charmig.nl\/fr\/wp-json\/wp\/v2\/types\/product"}],"wp:featuredmedia":[{"embeddable":true,"href":"https:\/\/www.charmig.nl\/fr\/wp-json\/wp\/v2\/media\/18714"}],"wp:attachment":[{"href":"https:\/\/www.charmig.nl\/fr\/wp-json\/wp\/v2\/media?parent=18703"}],"wp:term":[{"taxonomy":"product_brand","embeddable":true,"href":"https:\/\/www.charmig.nl\/fr\/wp-json\/wp\/v2\/product_brand?post=18703"},{"taxonomy":"product_cat","embeddable":true,"href":"https:\/\/www.charmig.nl\/fr\/wp-json\/wp\/v2\/product_cat?post=18703"},{"taxonomy":"product_tag","embeddable":true,"href":"https:\/\/www.charmig.nl\/fr\/wp-json\/wp\/v2\/product_tag?post=18703"}],"curies":[{"name":"wp","href":"https:\/\/api.w.org\/{rel}","templated":true}]}}