{"id":18749,"date":"2025-02-04T19:57:29","date_gmt":"2025-02-04T18:57:29","guid":{"rendered":"https:\/\/www.charmig.nl\/?post_type=product&#038;p=18749"},"modified":"2026-02-24T09:01:59","modified_gmt":"2026-02-24T08:01:59","slug":"vintage-buffetkast-teak-hans-wegner-ry-16","status":"publish","type":"product","link":"https:\/\/www.charmig.nl\/fr\/produit\/archives\/vintage-buffetkast-teak-hans-wegner-ry-16\/","title":{"rendered":"Buffet vintage | Teck | Hans Wegner | RY-16"},"content":{"rendered":"","protected":false},"excerpt":{"rendered":"Num\u00e9ro d'article : 211492\r\n\r\nCe magnifique meuble vintage a \u00e9t\u00e9 con\u00e7u par Hans J. Wegner pour Ry M\u00f8bler, mod\u00e8le RY-16. Le meuble en bois de teck est d'une qualit\u00e9 danoise authentique. Elle est tr\u00e8s stable et tr\u00e8s bien finie. En haut, vous trouverez 3 \u00e9tag\u00e8res. En bas, vous trouverez une armoire avec deux portes. La serrure est unique, il suffit de tirer l'anneau vers l'avant pour ouvrir l'armoire. Derri\u00e8re les portes se trouvent des \u00e9tag\u00e8res r\u00e9glables. L'armoire est parfaite pour \u00eatre utilis\u00e9e comme biblioth\u00e8que vintage. Au dos, vous trouverez la date de fabrication de l'armoire, \u00e0 savoir le 27 mai 1962. La biblioth\u00e8que sup\u00e9rieure et la biblioth\u00e8que inf\u00e9rieure peuvent \u00eatre s\u00e9par\u00e9es et sont donc faciles \u00e0 transporter.\r\n\r\nP\u00e9riode de cr\u00e9ation : 1960-1970\r\nStyle : moderne du milieu du si\u00e8cle - design danois\r\nMat\u00e9riau : Teck\r\n\u00c9tat : En tr\u00e8s bon \u00e9tat, avec des traces d'utilisation correspondant \u00e0 l'\u00e2ge du meuble.\r\nDesigner : Hans J Wegner\r\n\r\nLes dimensions\r\nHauteur : 180 cm\r\nLargeur : 100 cm\r\nProfondeur : 49 cm","protected":false},"featured_media":18750,"template":"","meta":{"_acf_changed":false},"product_brand":[],"product_cat":[103],"product_tag":[],"class_list":{"0":"post-18749","1":"product","2":"type-product","3":"status-publish","4":"has-post-thumbnail","6":"product_cat-archief","7":"product_shipping_class-koerier","9":"first","10":"outofstock","11":"shipping-taxable","12":"purchasable","13":"product-type-simple"},"composite_virtual":false,"composite_layout":"","composite_add_to_cart_form_location":"","composite_editable_in_cart":false,"composite_sold_individually_context":"","composite_shop_price_calc":"","composite_components":[],"composite_scenarios":[],"exclude_global_add_ons":[],"addons":[],"acf":[],"yoast_head":null,"yoast_head_json":null,"_links":{"self":[{"href":"https:\/\/www.charmig.nl\/fr\/wp-json\/wp\/v2\/product\/18749","targetHints":{"allow":["GET"]}}],"collection":[{"href":"https:\/\/www.charmig.nl\/fr\/wp-json\/wp\/v2\/product"}],"about":[{"href":"https:\/\/www.charmig.nl\/fr\/wp-json\/wp\/v2\/types\/product"}],"wp:featuredmedia":[{"embeddable":true,"href":"https:\/\/www.charmig.nl\/fr\/wp-json\/wp\/v2\/media\/18750"}],"wp:attachment":[{"href":"https:\/\/www.charmig.nl\/fr\/wp-json\/wp\/v2\/media?parent=18749"}],"wp:term":[{"taxonomy":"product_brand","embeddable":true,"href":"https:\/\/www.charmig.nl\/fr\/wp-json\/wp\/v2\/product_brand?post=18749"},{"taxonomy":"product_cat","embeddable":true,"href":"https:\/\/www.charmig.nl\/fr\/wp-json\/wp\/v2\/product_cat?post=18749"},{"taxonomy":"product_tag","embeddable":true,"href":"https:\/\/www.charmig.nl\/fr\/wp-json\/wp\/v2\/product_tag?post=18749"}],"curies":[{"name":"wp","href":"https:\/\/api.w.org\/{rel}","templated":true}]}}