{"id":19067,"date":"2025-02-18T14:20:12","date_gmt":"2025-02-18T13:20:12","guid":{"rendered":"https:\/\/www.charmig.nl\/?post_type=product&#038;p=19067"},"modified":"2026-04-23T09:36:44","modified_gmt":"2026-04-23T07:36:44","slug":"ladekast-deens-design-teak-108-cm","status":"publish","type":"product","link":"https:\/\/www.charmig.nl\/fr\/produit\/archives\/ladekast-deens-design-teak-108-cm\/","title":{"rendered":"Commode | Design danois | Teck | 108 cm"},"content":{"rendered":"","protected":false},"excerpt":{"rendered":"Num\u00e9ro d'article : 211516\r\n\r\nAm\u00e9liorez votre int\u00e9rieur avec cette magnifique commode vintage. Cette armoire vintage unique offre un espace de rangement \u00e9l\u00e9gant gr\u00e2ce \u00e0 ses 6 tiroirs et se distingue par ses poign\u00e9es \u00e9l\u00e9gantes et sa belle couleur teck chaud. Parfaite pour votre chambre, votre salon ou votre entr\u00e9e. Cette armoire vintage ajoute instantan\u00e9ment de l'ambiance et du caract\u00e8re \u00e0 n'importe quelle pi\u00e8ce !\r\n\r\nP\u00e9riode de conception : 1950 - 1960\r\nStyle : Mid century modern - Danish design - Scandinavian design\r\nMat\u00e9riau : Teck\r\n\u00c9tat : Tr\u00e8s bon \u00e9tat vintage\r\nDesigner : Inconnu\r\n\r\n\r\nDimensions de l'objet\r\nHauteur : 108 cm\r\nLargeur : 75 cm\r\nProfondeur : 40 cm","protected":false},"featured_media":19068,"template":"","meta":{"_acf_changed":false},"product_brand":[],"product_cat":[103],"product_tag":[],"class_list":{"0":"post-19067","1":"product","2":"type-product","3":"status-publish","4":"has-post-thumbnail","6":"product_cat-archief","7":"product_shipping_class-koerier","9":"first","10":"outofstock","11":"shipping-taxable","12":"purchasable","13":"product-type-simple"},"composite_virtual":false,"composite_layout":"","composite_add_to_cart_form_location":"","composite_editable_in_cart":false,"composite_sold_individually_context":"","composite_shop_price_calc":"","composite_components":[],"composite_scenarios":[],"exclude_global_add_ons":[],"addons":[],"acf":[],"yoast_head":null,"yoast_head_json":null,"_links":{"self":[{"href":"https:\/\/www.charmig.nl\/fr\/wp-json\/wp\/v2\/product\/19067","targetHints":{"allow":["GET"]}}],"collection":[{"href":"https:\/\/www.charmig.nl\/fr\/wp-json\/wp\/v2\/product"}],"about":[{"href":"https:\/\/www.charmig.nl\/fr\/wp-json\/wp\/v2\/types\/product"}],"wp:featuredmedia":[{"embeddable":true,"href":"https:\/\/www.charmig.nl\/fr\/wp-json\/wp\/v2\/media\/19068"}],"wp:attachment":[{"href":"https:\/\/www.charmig.nl\/fr\/wp-json\/wp\/v2\/media?parent=19067"}],"wp:term":[{"taxonomy":"product_brand","embeddable":true,"href":"https:\/\/www.charmig.nl\/fr\/wp-json\/wp\/v2\/product_brand?post=19067"},{"taxonomy":"product_cat","embeddable":true,"href":"https:\/\/www.charmig.nl\/fr\/wp-json\/wp\/v2\/product_cat?post=19067"},{"taxonomy":"product_tag","embeddable":true,"href":"https:\/\/www.charmig.nl\/fr\/wp-json\/wp\/v2\/product_tag?post=19067"}],"curies":[{"name":"wp","href":"https:\/\/api.w.org\/{rel}","templated":true}]}}