{"id":19122,"date":"2025-02-18T19:16:06","date_gmt":"2025-02-18T18:16:06","guid":{"rendered":"https:\/\/www.charmig.nl\/?post_type=product&#038;p=19122"},"modified":"2026-04-23T09:36:45","modified_gmt":"2026-04-23T07:36:45","slug":"vintage-dressoir-teak-150-cm","status":"publish","type":"product","link":"https:\/\/www.charmig.nl\/fr\/product\/archief\/vintage-dressoir-teak-150-cm\/","title":{"rendered":"Buffet vintage | Teck | 150 cm"},"content":{"rendered":"","protected":false},"excerpt":{"rendered":"Num\u00e9ro d'article : 211447\r\n\r\nCe meuble vintage se distingue imm\u00e9diatement par son beau design ; les tiroirs sont dot\u00e9s de poign\u00e9es en bois minimalistes. Le buffet vintage en teck a 4 tiroirs et 2 portes ouvrantes. Fantastique buffet vintage compact, qui s'int\u00e8gre parfaitement dans diff\u00e9rents styles d'int\u00e9rieur ! En outre, le buffet vintage dispose d'un espace de rangement plus que suffisant.\r\n\r\nP\u00e9riode de conception : 1950-1960\r\nStyle : Mid century modern\r\nMat\u00e9riau : Teck\r\n\u00c9tat : En bon \u00e9tat, traces d'utilisation correspondant \u00e0 l'\u00e2ge du meuble.\r\nDesigner : Inconnu\r\n\r\nDimensions du meuble\r\nLargeur : 150 cm\r\nProfondeur : 43 cm\r\nHauteur : 78 cm","protected":false},"featured_media":19123,"template":"","meta":{"_acf_changed":false},"product_brand":[],"product_cat":[103],"product_tag":[],"class_list":{"0":"post-19122","1":"product","2":"type-product","3":"status-publish","4":"has-post-thumbnail","6":"product_cat-archief","7":"product_shipping_class-koerier","9":"first","10":"outofstock","11":"shipping-taxable","12":"purchasable","13":"product-type-simple"},"composite_virtual":false,"composite_layout":"","composite_add_to_cart_form_location":"","composite_editable_in_cart":false,"composite_sold_individually_context":"","composite_shop_price_calc":"","composite_components":[],"composite_scenarios":[],"exclude_global_add_ons":[],"addons":[],"acf":[],"yoast_head":null,"yoast_head_json":null,"_links":{"self":[{"href":"https:\/\/www.charmig.nl\/fr\/wp-json\/wp\/v2\/product\/19122","targetHints":{"allow":["GET"]}}],"collection":[{"href":"https:\/\/www.charmig.nl\/fr\/wp-json\/wp\/v2\/product"}],"about":[{"href":"https:\/\/www.charmig.nl\/fr\/wp-json\/wp\/v2\/types\/product"}],"wp:featuredmedia":[{"embeddable":true,"href":"https:\/\/www.charmig.nl\/fr\/wp-json\/wp\/v2\/media\/19123"}],"wp:attachment":[{"href":"https:\/\/www.charmig.nl\/fr\/wp-json\/wp\/v2\/media?parent=19122"}],"wp:term":[{"taxonomy":"product_brand","embeddable":true,"href":"https:\/\/www.charmig.nl\/fr\/wp-json\/wp\/v2\/product_brand?post=19122"},{"taxonomy":"product_cat","embeddable":true,"href":"https:\/\/www.charmig.nl\/fr\/wp-json\/wp\/v2\/product_cat?post=19122"},{"taxonomy":"product_tag","embeddable":true,"href":"https:\/\/www.charmig.nl\/fr\/wp-json\/wp\/v2\/product_tag?post=19122"}],"curies":[{"name":"wp","href":"https:\/\/api.w.org\/{rel}","templated":true}]}}