{"id":19154,"date":"2025-02-18T19:36:05","date_gmt":"2025-02-18T18:36:05","guid":{"rendered":"https:\/\/www.charmig.nl\/?post_type=product&#038;p=19154"},"modified":"2026-04-23T09:36:45","modified_gmt":"2026-04-23T07:36:45","slug":"vintage-wandkast-palissander-deens-design","status":"publish","type":"product","link":"https:\/\/www.charmig.nl\/fr\/product\/archief\/vintage-wandkast-palissander-deens-design\/","title":{"rendered":"Armoire murale vintage | Bois de rose | Design danois"},"content":{"rendered":"","protected":false},"excerpt":{"rendered":"Num\u00e9ro d'article : 211510\r\n\r\nVoici une belle armoire murale vintage qui offre beaucoup d'espace de rangement malgr\u00e9 sa taille compacte. L'armoire vintage est tr\u00e8s \u00e9l\u00e9gante gr\u00e2ce aux belles poign\u00e9es en bois des tiroirs et au motif du bois de rose. L'armoire a 2 portes ouvrantes et 4 tiroirs ; 2 petits tiroirs en haut et 2 grands tiroirs en bas. Les tiroirs du bas sont dot\u00e9s de belles poign\u00e9es. Les tiroirs sup\u00e9rieurs et les portes peuvent \u00eatre verrouill\u00e9s.\r\n\r\nP\u00e9riode de cr\u00e9ation : 1950-1960\r\nStyle : Moderne du milieu du si\u00e8cle\r\nMat\u00e9riau : Bois de rose\r\nEtat : En tr\u00e8s bon \u00e9tat\r\nMarque : Sans marque\r\n\r\nDimensions : Largeur : 100 cm\r\nLargeur : 100 cm\r\nHauteur : 135 cm\r\nProfondeur : 40 cm","protected":false},"featured_media":19155,"template":"","meta":{"_acf_changed":false},"product_brand":[],"product_cat":[103],"product_tag":[],"class_list":{"0":"post-19154","1":"product","2":"type-product","3":"status-publish","4":"has-post-thumbnail","6":"product_cat-archief","7":"product_shipping_class-koerier","9":"first","10":"outofstock","11":"shipping-taxable","12":"purchasable","13":"product-type-simple"},"composite_virtual":false,"composite_layout":"","composite_add_to_cart_form_location":"","composite_editable_in_cart":false,"composite_sold_individually_context":"","composite_shop_price_calc":"","composite_components":[],"composite_scenarios":[],"exclude_global_add_ons":[],"addons":[],"acf":[],"yoast_head":null,"yoast_head_json":null,"_links":{"self":[{"href":"https:\/\/www.charmig.nl\/fr\/wp-json\/wp\/v2\/product\/19154","targetHints":{"allow":["GET"]}}],"collection":[{"href":"https:\/\/www.charmig.nl\/fr\/wp-json\/wp\/v2\/product"}],"about":[{"href":"https:\/\/www.charmig.nl\/fr\/wp-json\/wp\/v2\/types\/product"}],"wp:featuredmedia":[{"embeddable":true,"href":"https:\/\/www.charmig.nl\/fr\/wp-json\/wp\/v2\/media\/19155"}],"wp:attachment":[{"href":"https:\/\/www.charmig.nl\/fr\/wp-json\/wp\/v2\/media?parent=19154"}],"wp:term":[{"taxonomy":"product_brand","embeddable":true,"href":"https:\/\/www.charmig.nl\/fr\/wp-json\/wp\/v2\/product_brand?post=19154"},{"taxonomy":"product_cat","embeddable":true,"href":"https:\/\/www.charmig.nl\/fr\/wp-json\/wp\/v2\/product_cat?post=19154"},{"taxonomy":"product_tag","embeddable":true,"href":"https:\/\/www.charmig.nl\/fr\/wp-json\/wp\/v2\/product_tag?post=19154"}],"curies":[{"name":"wp","href":"https:\/\/api.w.org\/{rel}","templated":true}]}}