{"id":19233,"date":"2025-02-24T12:58:01","date_gmt":"2025-02-24T11:58:01","guid":{"rendered":"https:\/\/www.charmig.nl\/?post_type=product&#038;p=19233"},"modified":"2026-04-23T09:36:45","modified_gmt":"2026-04-23T07:36:45","slug":"vintage-deense-ladekast-teak-8-lades-126-cm","status":"publish","type":"product","link":"https:\/\/www.charmig.nl\/fr\/product\/archief\/vintage-deense-ladekast-teak-8-lades-126-cm\/","title":{"rendered":"Commode danoise vintage | Teck | 8 tiroirs | 126 cm"},"content":{"rendered":"","protected":false},"excerpt":{"rendered":"Cette commode vintage du Danemark a un design classique et une finition magnifique. Le meuble comporte 8 tiroirs, ce qui n'est pas si fr\u00e9quent. La commode offre donc un grand espace de rangement pratique. La couleur chaude du bois de teck et les poign\u00e9es \u00e9l\u00e9gantes conf\u00e8rent \u00e0 l'armoire un look unique.\r\n\r\nP\u00e9riode de cr\u00e9ation : 1950 - 1960\r\nStyle : Moderne du milieu du si\u00e8cle - Design danois - Design scandinave\r\nMat\u00e9riau : Teck\r\nCondition : En bon \u00e9tat vintage, les c\u00f4t\u00e9s ont quelques r\u00e9parations et traces d'utilisation. Un tiroir a \u00e9galement \u00e9t\u00e9 r\u00e9par\u00e9.\r\nDesigner : Inconnu\r\n\r\nLes dimensions\r\nHauteur : 126 cm\r\nLargeur : 74 cm\r\nProfondeur : 40 cm\r\n\r\n<em>Num\u00e9ro d'article : 211508<\/em>","protected":false},"featured_media":19235,"template":"","meta":{"_acf_changed":false},"product_brand":[],"product_cat":[103],"product_tag":[],"class_list":{"0":"post-19233","1":"product","2":"type-product","3":"status-publish","4":"has-post-thumbnail","6":"product_cat-archief","7":"product_shipping_class-koerier","9":"first","10":"outofstock","11":"shipping-taxable","12":"purchasable","13":"product-type-simple"},"composite_virtual":false,"composite_layout":"","composite_add_to_cart_form_location":"","composite_editable_in_cart":false,"composite_sold_individually_context":"","composite_shop_price_calc":"","composite_components":[],"composite_scenarios":[],"exclude_global_add_ons":[],"addons":[],"acf":[],"yoast_head":null,"yoast_head_json":null,"_links":{"self":[{"href":"https:\/\/www.charmig.nl\/fr\/wp-json\/wp\/v2\/product\/19233","targetHints":{"allow":["GET"]}}],"collection":[{"href":"https:\/\/www.charmig.nl\/fr\/wp-json\/wp\/v2\/product"}],"about":[{"href":"https:\/\/www.charmig.nl\/fr\/wp-json\/wp\/v2\/types\/product"}],"wp:featuredmedia":[{"embeddable":true,"href":"https:\/\/www.charmig.nl\/fr\/wp-json\/wp\/v2\/media\/19235"}],"wp:attachment":[{"href":"https:\/\/www.charmig.nl\/fr\/wp-json\/wp\/v2\/media?parent=19233"}],"wp:term":[{"taxonomy":"product_brand","embeddable":true,"href":"https:\/\/www.charmig.nl\/fr\/wp-json\/wp\/v2\/product_brand?post=19233"},{"taxonomy":"product_cat","embeddable":true,"href":"https:\/\/www.charmig.nl\/fr\/wp-json\/wp\/v2\/product_cat?post=19233"},{"taxonomy":"product_tag","embeddable":true,"href":"https:\/\/www.charmig.nl\/fr\/wp-json\/wp\/v2\/product_tag?post=19233"}],"curies":[{"name":"wp","href":"https:\/\/api.w.org\/{rel}","templated":true}]}}