{"id":19323,"date":"2025-02-24T14:15:14","date_gmt":"2025-02-24T13:15:14","guid":{"rendered":"https:\/\/www.charmig.nl\/?post_type=product&#038;p=19323"},"modified":"2026-04-23T09:36:46","modified_gmt":"2026-04-23T07:36:46","slug":"vintage-deense-ladekast-teak-6-lades-104-cm","status":"publish","type":"product","link":"https:\/\/www.charmig.nl\/fr\/product\/archief\/vintage-deense-ladekast-teak-6-lades-104-cm\/","title":{"rendered":"Commode danoise vintage | Teck | 6 tiroirs | 104 cm"},"content":{"rendered":"","protected":false},"excerpt":{"rendered":"Cette commode vintage du Danemark pr\u00e9sente un design classique et une belle finition. La couleur chaude du bois de teck et les poign\u00e9es \u00e9l\u00e9gantes lui conf\u00e8rent un aspect unique. Avec ses 6 tiroirs, elle offre un grand espace de rangement pratique.\r\n\r\nP\u00e9riode de conception : 1950 - 1960\r\nStyle : Moderne du milieu du si\u00e8cle - Design danois - Design scandinave\r\nMat\u00e9riau : Teck\r\nCondition : En condition vintage. Le meuble pr\u00e9sente de l\u00e9g\u00e8res traces d'utilisation qui correspondent \u00e0 l'\u00e2ge du meuble. Sur le dessus, vous trouverez une tache. Il y a une rayure sur le c\u00f4t\u00e9 droit, comme on peut le voir sur les photos.\r\nDesigner : Inconnu\r\n\r\nLes dimensions\r\nHauteur : 104 cm\r\nLargeur : 62 cm\r\nProfondeur : 39 cm\r\n\r\n<em>Num\u00e9ro d'article : 211528<\/em>","protected":false},"featured_media":19326,"template":"","meta":{"_acf_changed":false},"product_brand":[],"product_cat":[103],"product_tag":[],"class_list":{"0":"post-19323","1":"product","2":"type-product","3":"status-publish","4":"has-post-thumbnail","6":"product_cat-archief","7":"product_shipping_class-koerier","9":"first","10":"outofstock","11":"shipping-taxable","12":"purchasable","13":"product-type-simple"},"composite_virtual":false,"composite_layout":"","composite_add_to_cart_form_location":"","composite_editable_in_cart":false,"composite_sold_individually_context":"","composite_shop_price_calc":"","composite_components":[],"composite_scenarios":[],"exclude_global_add_ons":[],"addons":[],"acf":[],"yoast_head":null,"yoast_head_json":null,"_links":{"self":[{"href":"https:\/\/www.charmig.nl\/fr\/wp-json\/wp\/v2\/product\/19323","targetHints":{"allow":["GET"]}}],"collection":[{"href":"https:\/\/www.charmig.nl\/fr\/wp-json\/wp\/v2\/product"}],"about":[{"href":"https:\/\/www.charmig.nl\/fr\/wp-json\/wp\/v2\/types\/product"}],"wp:featuredmedia":[{"embeddable":true,"href":"https:\/\/www.charmig.nl\/fr\/wp-json\/wp\/v2\/media\/19326"}],"wp:attachment":[{"href":"https:\/\/www.charmig.nl\/fr\/wp-json\/wp\/v2\/media?parent=19323"}],"wp:term":[{"taxonomy":"product_brand","embeddable":true,"href":"https:\/\/www.charmig.nl\/fr\/wp-json\/wp\/v2\/product_brand?post=19323"},{"taxonomy":"product_cat","embeddable":true,"href":"https:\/\/www.charmig.nl\/fr\/wp-json\/wp\/v2\/product_cat?post=19323"},{"taxonomy":"product_tag","embeddable":true,"href":"https:\/\/www.charmig.nl\/fr\/wp-json\/wp\/v2\/product_tag?post=19323"}],"curies":[{"name":"wp","href":"https:\/\/api.w.org\/{rel}","templated":true}]}}