{"id":19349,"date":"2025-02-24T15:02:06","date_gmt":"2025-02-24T14:02:06","guid":{"rendered":"https:\/\/www.charmig.nl\/?post_type=product&#038;p=19349"},"modified":"2026-04-23T09:36:46","modified_gmt":"2026-04-23T07:36:46","slug":"vintage-deense-teak-ladekast-5-lades-101-cm","status":"publish","type":"product","link":"https:\/\/www.charmig.nl\/fr\/product\/archief\/vintage-deense-teak-ladekast-5-lades-101-cm\/","title":{"rendered":"Commode danoise vintage | Teck | 5 tiroirs | 101 cm"},"content":{"rendered":"","protected":false},"excerpt":{"rendered":"Cette commode vintage vient du Danemark et se distingue par ses belles poign\u00e9es. Le motif du bois se retrouve \u00e9galement dans les tiroirs. Ce meuble vintage intemporel conf\u00e8re une atmosph\u00e8re instantan\u00e9e \u00e0 n'importe quelle pi\u00e8ce. La commode en teck comporte 6 tiroirs, ce qui offre un grand espace de rangement pratique.\r\n\r\nP\u00e9riode de cr\u00e9ation : 1950 - 1960\r\nStyle : Moderne du milieu du si\u00e8cle - Design danois - Design scandinave\r\nMat\u00e9riau : Teck\r\nCondition : En tr\u00e8s bon \u00e9tat, voir les photos.\r\nDesigner : Inconnu\r\nFabricant : Inconnu\r\n\r\nDimensions : 101 cm\r\nHauteur : 101 cm\r\nLargeur : 85 cm\r\nProfondeur : 42 cm\r\n\r\n<em>Num\u00e9ro d'article : 211521<\/em>","protected":false},"featured_media":19360,"template":"","meta":{"_acf_changed":false},"product_brand":[],"product_cat":[103],"product_tag":[],"class_list":{"0":"post-19349","1":"product","2":"type-product","3":"status-publish","4":"has-post-thumbnail","6":"product_cat-archief","7":"product_shipping_class-koerier","9":"first","10":"outofstock","11":"shipping-taxable","12":"purchasable","13":"product-type-simple"},"composite_virtual":false,"composite_layout":"","composite_add_to_cart_form_location":"","composite_editable_in_cart":false,"composite_sold_individually_context":"","composite_shop_price_calc":"","composite_components":[],"composite_scenarios":[],"exclude_global_add_ons":[],"addons":[],"acf":[],"yoast_head":null,"yoast_head_json":null,"_links":{"self":[{"href":"https:\/\/www.charmig.nl\/fr\/wp-json\/wp\/v2\/product\/19349","targetHints":{"allow":["GET"]}}],"collection":[{"href":"https:\/\/www.charmig.nl\/fr\/wp-json\/wp\/v2\/product"}],"about":[{"href":"https:\/\/www.charmig.nl\/fr\/wp-json\/wp\/v2\/types\/product"}],"wp:featuredmedia":[{"embeddable":true,"href":"https:\/\/www.charmig.nl\/fr\/wp-json\/wp\/v2\/media\/19360"}],"wp:attachment":[{"href":"https:\/\/www.charmig.nl\/fr\/wp-json\/wp\/v2\/media?parent=19349"}],"wp:term":[{"taxonomy":"product_brand","embeddable":true,"href":"https:\/\/www.charmig.nl\/fr\/wp-json\/wp\/v2\/product_brand?post=19349"},{"taxonomy":"product_cat","embeddable":true,"href":"https:\/\/www.charmig.nl\/fr\/wp-json\/wp\/v2\/product_cat?post=19349"},{"taxonomy":"product_tag","embeddable":true,"href":"https:\/\/www.charmig.nl\/fr\/wp-json\/wp\/v2\/product_tag?post=19349"}],"curies":[{"name":"wp","href":"https:\/\/api.w.org\/{rel}","templated":true}]}}