{"id":19361,"date":"2025-02-24T15:13:38","date_gmt":"2025-02-24T14:13:38","guid":{"rendered":"https:\/\/www.charmig.nl\/?post_type=product&#038;p=19361"},"modified":"2026-04-23T09:36:46","modified_gmt":"2026-04-23T07:36:46","slug":"vintage-ladekast-teak-6-lades-111-cm","status":"publish","type":"product","link":"https:\/\/www.charmig.nl\/fr\/product\/archief\/vintage-ladekast-teak-6-lades-111-cm\/","title":{"rendered":"Commode vintage | Teck | 6 tiroirs | 111 cm"},"content":{"rendered":"","protected":false},"excerpt":{"rendered":"Magnifique commode vintage du Danemark. Cette armoire offre beaucoup d'espace de rangement et se distingue par sa chaude couleur teck et les \u00e9l\u00e9gantes poign\u00e9es en bois des tiroirs. Une armoire intemporelle qui trouvera sa place partout dans la maison. La commode dispose de 5 tiroirs hauts, ce qui lui permet de contenir beaucoup plus de choses.\r\n\r\nP\u00e9riode de cr\u00e9ation : 1950 - 1960\r\nStyle : Moderne du milieu du si\u00e8cle - Design danois - Design scandinave\r\nMat\u00e9riau : Teck\r\nCondition : En bon \u00e9tat, l'int\u00e9rieur d'un tiroir est tach\u00e9.\r\nDesigner : Inconnu\r\n\r\nDimensions du meuble\r\nHauteur : 111 cm\r\nLargeur : 85 cm\r\nProfondeur : 41 cm\r\n\r\n<em>Num\u00e9ro d'article : 211522<\/em>","protected":false},"featured_media":19370,"template":"","meta":{"_acf_changed":false},"product_brand":[],"product_cat":[103],"product_tag":[],"class_list":{"0":"post-19361","1":"product","2":"type-product","3":"status-publish","4":"has-post-thumbnail","6":"product_cat-archief","7":"product_shipping_class-koerier","9":"first","10":"outofstock","11":"shipping-taxable","12":"purchasable","13":"product-type-simple"},"composite_virtual":false,"composite_layout":"","composite_add_to_cart_form_location":"","composite_editable_in_cart":false,"composite_sold_individually_context":"","composite_shop_price_calc":"","composite_components":[],"composite_scenarios":[],"exclude_global_add_ons":[],"addons":[],"acf":[],"yoast_head":null,"yoast_head_json":null,"_links":{"self":[{"href":"https:\/\/www.charmig.nl\/fr\/wp-json\/wp\/v2\/product\/19361","targetHints":{"allow":["GET"]}}],"collection":[{"href":"https:\/\/www.charmig.nl\/fr\/wp-json\/wp\/v2\/product"}],"about":[{"href":"https:\/\/www.charmig.nl\/fr\/wp-json\/wp\/v2\/types\/product"}],"wp:featuredmedia":[{"embeddable":true,"href":"https:\/\/www.charmig.nl\/fr\/wp-json\/wp\/v2\/media\/19370"}],"wp:attachment":[{"href":"https:\/\/www.charmig.nl\/fr\/wp-json\/wp\/v2\/media?parent=19361"}],"wp:term":[{"taxonomy":"product_brand","embeddable":true,"href":"https:\/\/www.charmig.nl\/fr\/wp-json\/wp\/v2\/product_brand?post=19361"},{"taxonomy":"product_cat","embeddable":true,"href":"https:\/\/www.charmig.nl\/fr\/wp-json\/wp\/v2\/product_cat?post=19361"},{"taxonomy":"product_tag","embeddable":true,"href":"https:\/\/www.charmig.nl\/fr\/wp-json\/wp\/v2\/product_tag?post=19361"}],"curies":[{"name":"wp","href":"https:\/\/api.w.org\/{rel}","templated":true}]}}