{"id":19372,"date":"2025-02-24T15:34:24","date_gmt":"2025-02-24T14:34:24","guid":{"rendered":"https:\/\/www.charmig.nl\/?post_type=product&#038;p=19372"},"modified":"2026-04-23T09:36:47","modified_gmt":"2026-04-23T07:36:47","slug":"vintage-ladekast-teak-6-lades-105-cm","status":"publish","type":"product","link":"https:\/\/www.charmig.nl\/fr\/product\/archief\/vintage-ladekast-teak-6-lades-105-cm\/","title":{"rendered":"Commode vintage | teck | 6 tiroirs | 105 cm"},"content":{"rendered":"","protected":false},"excerpt":{"rendered":"Magnifique commode en bois de teck, en provenance du Danemark. La commode vintage comporte 6 tiroirs avec de belles poign\u00e9es. Il y a donc beaucoup de place pour toutes vos affaires.\r\n\r\nP\u00e9riode de conception : 1950 - 1960\r\nStyle : Moderne du milieu du si\u00e8cle - Design danois - Design scandinave\r\nMat\u00e9riau : Teck\r\n\u00c9tat : Tr\u00e8s bon \u00e9tat vintage\r\nCr\u00e9ateur : Inconnu\r\nFabricant : Inconnu\r\n\r\nDimensions de l'objet\r\nHauteur : 105 cm\r\nLargeur : 79 cm\r\nProfondeur : 40 cm\r\n\r\n<em>Num\u00e9ro d'article : 211525<\/em>","protected":false},"featured_media":19374,"template":"","meta":{"_acf_changed":false},"product_brand":[],"product_cat":[103],"product_tag":[],"class_list":{"0":"post-19372","1":"product","2":"type-product","3":"status-publish","4":"has-post-thumbnail","6":"product_cat-archief","7":"product_shipping_class-koerier","9":"first","10":"outofstock","11":"shipping-taxable","12":"purchasable","13":"product-type-simple"},"composite_virtual":false,"composite_layout":"","composite_add_to_cart_form_location":"","composite_editable_in_cart":false,"composite_sold_individually_context":"","composite_shop_price_calc":"","composite_components":[],"composite_scenarios":[],"exclude_global_add_ons":[],"addons":[],"acf":[],"yoast_head":null,"yoast_head_json":null,"_links":{"self":[{"href":"https:\/\/www.charmig.nl\/fr\/wp-json\/wp\/v2\/product\/19372","targetHints":{"allow":["GET"]}}],"collection":[{"href":"https:\/\/www.charmig.nl\/fr\/wp-json\/wp\/v2\/product"}],"about":[{"href":"https:\/\/www.charmig.nl\/fr\/wp-json\/wp\/v2\/types\/product"}],"wp:featuredmedia":[{"embeddable":true,"href":"https:\/\/www.charmig.nl\/fr\/wp-json\/wp\/v2\/media\/19374"}],"wp:attachment":[{"href":"https:\/\/www.charmig.nl\/fr\/wp-json\/wp\/v2\/media?parent=19372"}],"wp:term":[{"taxonomy":"product_brand","embeddable":true,"href":"https:\/\/www.charmig.nl\/fr\/wp-json\/wp\/v2\/product_brand?post=19372"},{"taxonomy":"product_cat","embeddable":true,"href":"https:\/\/www.charmig.nl\/fr\/wp-json\/wp\/v2\/product_cat?post=19372"},{"taxonomy":"product_tag","embeddable":true,"href":"https:\/\/www.charmig.nl\/fr\/wp-json\/wp\/v2\/product_tag?post=19372"}],"curies":[{"name":"wp","href":"https:\/\/api.w.org\/{rel}","templated":true}]}}