{"id":19382,"date":"2025-02-24T15:48:27","date_gmt":"2025-02-24T14:48:27","guid":{"rendered":"https:\/\/www.charmig.nl\/?post_type=product&#038;p=19382"},"modified":"2026-04-23T09:36:47","modified_gmt":"2026-04-23T07:36:47","slug":"vintage-dressoir-dyrlund-teak-2","status":"publish","type":"product","link":"https:\/\/www.charmig.nl\/fr\/produit\/archives\/vintage-dressoir-dyrlund-teak-2\/","title":{"rendered":"Buffet vintage | Dyrlund | Teck"},"content":{"rendered":"","protected":false},"excerpt":{"rendered":"Ce buffet vintage de la marque danoise Dyrlund est d'une qualit\u00e9 exceptionnelle. Le buffet a des coins arrondis et des mat\u00e9riaux sophistiqu\u00e9s.\r\n\r\nLe meuble poss\u00e8de deux portes coulissantes. Derri\u00e8re celles-ci, vous trouverez des \u00e9tag\u00e8res r\u00e9glables. Le meuble comporte \u00e9galement six tiroirs.\r\n\r\nP\u00e9riode de conception : 1950-1960\r\nStyle : Moderne du milieu du si\u00e8cle\r\nMat\u00e9riau : Teck\r\n\u00c9tat : En bon \u00e9tat, traces d'utilisation correspondant \u00e0 l'\u00e2ge du meuble.\r\nDesigner : Dyrlund\r\n\r\nDimensions : Largeur : 160 cm\r\nLargeur : 160 cm\r\nHauteur : 82 cm\r\nProfondeur : 49 cm\r\n\r\nNum\u00e9ro d'article : 211529","protected":false},"featured_media":19383,"template":"","meta":{"_acf_changed":false},"product_brand":[],"product_cat":[103],"product_tag":[],"class_list":{"0":"post-19382","1":"product","2":"type-product","3":"status-publish","4":"has-post-thumbnail","6":"product_cat-archief","8":"first","9":"outofstock","10":"shipping-taxable","11":"purchasable","12":"product-type-simple"},"composite_virtual":false,"composite_layout":"","composite_add_to_cart_form_location":"","composite_editable_in_cart":false,"composite_sold_individually_context":"","composite_shop_price_calc":"","composite_components":[],"composite_scenarios":[],"exclude_global_add_ons":[],"addons":[],"acf":[],"yoast_head":null,"yoast_head_json":null,"_links":{"self":[{"href":"https:\/\/www.charmig.nl\/fr\/wp-json\/wp\/v2\/product\/19382","targetHints":{"allow":["GET"]}}],"collection":[{"href":"https:\/\/www.charmig.nl\/fr\/wp-json\/wp\/v2\/product"}],"about":[{"href":"https:\/\/www.charmig.nl\/fr\/wp-json\/wp\/v2\/types\/product"}],"wp:featuredmedia":[{"embeddable":true,"href":"https:\/\/www.charmig.nl\/fr\/wp-json\/wp\/v2\/media\/19383"}],"wp:attachment":[{"href":"https:\/\/www.charmig.nl\/fr\/wp-json\/wp\/v2\/media?parent=19382"}],"wp:term":[{"taxonomy":"product_brand","embeddable":true,"href":"https:\/\/www.charmig.nl\/fr\/wp-json\/wp\/v2\/product_brand?post=19382"},{"taxonomy":"product_cat","embeddable":true,"href":"https:\/\/www.charmig.nl\/fr\/wp-json\/wp\/v2\/product_cat?post=19382"},{"taxonomy":"product_tag","embeddable":true,"href":"https:\/\/www.charmig.nl\/fr\/wp-json\/wp\/v2\/product_tag?post=19382"}],"curies":[{"name":"wp","href":"https:\/\/api.w.org\/{rel}","templated":true}]}}