{"id":19439,"date":"2025-03-03T14:23:45","date_gmt":"2025-03-03T13:23:45","guid":{"rendered":"https:\/\/www.charmig.nl\/?post_type=product&#038;p=19439"},"modified":"2026-04-23T09:36:47","modified_gmt":"2026-04-23T07:36:47","slug":"vintage-wandplank-boekenplank-teak-142","status":"publish","type":"product","link":"https:\/\/www.charmig.nl\/fr\/produit\/archives\/vintage-wandplank-boekenplank-teak-142\/","title":{"rendered":"Etag\u00e8re murale vintage | Etag\u00e8re \u00e0 livres | Teck | 142 cm"},"content":{"rendered":"","protected":false},"excerpt":{"rendered":"Mooie vintage wandplank van teakhout van mooie kwaliteit. Een tijdloze toevoeging in de woonkamer, slaapkamer of hobbykamer. Perfect om je boeken in te plaatsen.\r\n\r\nOntwerp periode: 1950 &#8211; 1960\r\nStijl: Mid century modern, Scandinavisch design\r\nMateriaal: Teak\r\nConditie: Goede vintage staat\r\nOntwerper: Onbekend\r\n\r\nAfmetingen:\r\nBreedte: 142 cm\r\nHoogte: 32 cm\r\nDiepte: 24 cm\r\n\r\n<em>Num\u00e9ro d'article : 211518<\/em>","protected":false},"featured_media":19443,"template":"","meta":{"_acf_changed":false},"product_brand":[],"product_cat":[103],"product_tag":[],"class_list":{"0":"post-19439","1":"product","2":"type-product","3":"status-publish","4":"has-post-thumbnail","6":"product_cat-archief","7":"product_shipping_class-koerier","9":"first","10":"outofstock","11":"shipping-taxable","12":"product-type-simple"},"composite_virtual":false,"composite_layout":"","composite_add_to_cart_form_location":"","composite_editable_in_cart":false,"composite_sold_individually_context":"","composite_shop_price_calc":"","composite_components":[],"composite_scenarios":[],"exclude_global_add_ons":[],"addons":[],"acf":[],"yoast_head":null,"yoast_head_json":null,"_links":{"self":[{"href":"https:\/\/www.charmig.nl\/fr\/wp-json\/wp\/v2\/product\/19439","targetHints":{"allow":["GET"]}}],"collection":[{"href":"https:\/\/www.charmig.nl\/fr\/wp-json\/wp\/v2\/product"}],"about":[{"href":"https:\/\/www.charmig.nl\/fr\/wp-json\/wp\/v2\/types\/product"}],"wp:featuredmedia":[{"embeddable":true,"href":"https:\/\/www.charmig.nl\/fr\/wp-json\/wp\/v2\/media\/19443"}],"wp:attachment":[{"href":"https:\/\/www.charmig.nl\/fr\/wp-json\/wp\/v2\/media?parent=19439"}],"wp:term":[{"taxonomy":"product_brand","embeddable":true,"href":"https:\/\/www.charmig.nl\/fr\/wp-json\/wp\/v2\/product_brand?post=19439"},{"taxonomy":"product_cat","embeddable":true,"href":"https:\/\/www.charmig.nl\/fr\/wp-json\/wp\/v2\/product_cat?post=19439"},{"taxonomy":"product_tag","embeddable":true,"href":"https:\/\/www.charmig.nl\/fr\/wp-json\/wp\/v2\/product_tag?post=19439"}],"curies":[{"name":"wp","href":"https:\/\/api.w.org\/{rel}","templated":true}]}}