{"id":19507,"date":"2025-03-03T15:31:17","date_gmt":"2025-03-03T14:31:17","guid":{"rendered":"https:\/\/www.charmig.nl\/?post_type=product&#038;p=19507"},"modified":"2026-02-24T09:02:05","modified_gmt":"2026-02-24T08:02:05","slug":"vintage-trolley-teak-hans-wegner","status":"publish","type":"product","link":"https:\/\/www.charmig.nl\/fr\/produit\/archives\/vintage-trolley-teak-hans-wegner\/","title":{"rendered":"Chariot vintage | Teck | Hans Wegner"},"content":{"rendered":"","protected":false},"excerpt":{"rendered":"Cette magnifique table roulante en teck est en tr\u00e8s bon \u00e9tat et a \u00e9t\u00e9 con\u00e7ue par Andreas Tuck pour Hans Wegner au Danemark. Le chariot de service vintage a deux plateaux et peut \u00e9galement \u00eatre utilis\u00e9 comme table d'appoint.\r\n\r\nP\u00e9riode de conception : 1960 - 1970\r\nStyle : moderne du milieu du si\u00e8cle - design scandinave\r\nMat\u00e9riau : Teck\r\n\u00c9tat : En tr\u00e8s bon \u00e9tat\r\nDesigner : Andreas Tuck\r\nFabricant : Hans Wegner\r\n\r\nLes dimensions\r\nLargeur : 71 cm\r\nProfondeur : 46 cm\r\nHauteur : 60 cm\r\n\r\n<em>Num\u00e9ro d'article : 211539<\/em>","protected":false},"featured_media":19514,"template":"","meta":{"_acf_changed":false},"product_brand":[],"product_cat":[103],"product_tag":[],"class_list":{"0":"post-19507","1":"product","2":"type-product","3":"status-publish","4":"has-post-thumbnail","6":"product_cat-archief","7":"product_shipping_class-koerier","9":"first","10":"outofstock","11":"shipping-taxable","12":"purchasable","13":"product-type-simple"},"composite_virtual":false,"composite_layout":"","composite_add_to_cart_form_location":"","composite_editable_in_cart":false,"composite_sold_individually_context":"","composite_shop_price_calc":"","composite_components":[],"composite_scenarios":[],"exclude_global_add_ons":[],"addons":[],"acf":[],"yoast_head":null,"yoast_head_json":null,"_links":{"self":[{"href":"https:\/\/www.charmig.nl\/fr\/wp-json\/wp\/v2\/product\/19507","targetHints":{"allow":["GET"]}}],"collection":[{"href":"https:\/\/www.charmig.nl\/fr\/wp-json\/wp\/v2\/product"}],"about":[{"href":"https:\/\/www.charmig.nl\/fr\/wp-json\/wp\/v2\/types\/product"}],"wp:featuredmedia":[{"embeddable":true,"href":"https:\/\/www.charmig.nl\/fr\/wp-json\/wp\/v2\/media\/19514"}],"wp:attachment":[{"href":"https:\/\/www.charmig.nl\/fr\/wp-json\/wp\/v2\/media?parent=19507"}],"wp:term":[{"taxonomy":"product_brand","embeddable":true,"href":"https:\/\/www.charmig.nl\/fr\/wp-json\/wp\/v2\/product_brand?post=19507"},{"taxonomy":"product_cat","embeddable":true,"href":"https:\/\/www.charmig.nl\/fr\/wp-json\/wp\/v2\/product_cat?post=19507"},{"taxonomy":"product_tag","embeddable":true,"href":"https:\/\/www.charmig.nl\/fr\/wp-json\/wp\/v2\/product_tag?post=19507"}],"curies":[{"name":"wp","href":"https:\/\/api.w.org\/{rel}","templated":true}]}}