{"id":19757,"date":"2025-03-13T19:07:28","date_gmt":"2025-03-13T18:07:28","guid":{"rendered":"https:\/\/www.charmig.nl\/?post_type=product&#038;p=19757"},"modified":"2026-04-23T09:36:50","modified_gmt":"2026-04-23T07:36:50","slug":"vintage-deense-ladekast-teak-4-lades","status":"publish","type":"product","link":"https:\/\/www.charmig.nl\/fr\/produit\/archives\/vintage-deense-ladekast-teak-4-lades\/","title":{"rendered":"Commode danoise vintage | Teck | 4 tiroirs"},"content":{"rendered":"","protected":false},"excerpt":{"rendered":"Quelle jolie commode compacte ! Cette commode vintage vient du Danemark et comporte 4 tiroirs avec de jolies poign\u00e9es. Une belle taille compacte, de sorte que l'armoire peut trouver un endroit agr\u00e9able n'importe o\u00f9 dans la maison. Pratique et \u00e9l\u00e9gante !\r\n\r\nP\u00e9riode de cr\u00e9ation : 1950 - 1960\r\nStyle : Moderne du milieu du si\u00e8cle - Design danois - Design scandinave\r\nMat\u00e9riau : Teck\r\n\u00c9tat : En bon \u00e9tat\r\nDesigner : Inconnu\r\n\r\nDimensions de l'objet\r\nHauteur : 78 cm\r\nLargeur : 62 cm\r\nProfondeur : 40 cm\r\n\r\n<em>Num\u00e9ro d'article : 211652<\/em>","protected":false},"featured_media":21398,"template":"","meta":{"_acf_changed":false},"product_brand":[],"product_cat":[103],"product_tag":[],"class_list":{"0":"post-19757","1":"product","2":"type-product","3":"status-publish","4":"has-post-thumbnail","6":"product_cat-archief","7":"product_shipping_class-koerier","9":"first","10":"outofstock","11":"shipping-taxable","12":"product-type-simple"},"composite_virtual":false,"composite_layout":"","composite_add_to_cart_form_location":"","composite_editable_in_cart":false,"composite_sold_individually_context":"","composite_shop_price_calc":"","composite_components":[],"composite_scenarios":[],"exclude_global_add_ons":[],"addons":[],"acf":[],"yoast_head":null,"yoast_head_json":null,"_links":{"self":[{"href":"https:\/\/www.charmig.nl\/fr\/wp-json\/wp\/v2\/product\/19757","targetHints":{"allow":["GET"]}}],"collection":[{"href":"https:\/\/www.charmig.nl\/fr\/wp-json\/wp\/v2\/product"}],"about":[{"href":"https:\/\/www.charmig.nl\/fr\/wp-json\/wp\/v2\/types\/product"}],"wp:featuredmedia":[{"embeddable":true,"href":"https:\/\/www.charmig.nl\/fr\/wp-json\/wp\/v2\/media\/21398"}],"wp:attachment":[{"href":"https:\/\/www.charmig.nl\/fr\/wp-json\/wp\/v2\/media?parent=19757"}],"wp:term":[{"taxonomy":"product_brand","embeddable":true,"href":"https:\/\/www.charmig.nl\/fr\/wp-json\/wp\/v2\/product_brand?post=19757"},{"taxonomy":"product_cat","embeddable":true,"href":"https:\/\/www.charmig.nl\/fr\/wp-json\/wp\/v2\/product_cat?post=19757"},{"taxonomy":"product_tag","embeddable":true,"href":"https:\/\/www.charmig.nl\/fr\/wp-json\/wp\/v2\/product_tag?post=19757"}],"curies":[{"name":"wp","href":"https:\/\/api.w.org\/{rel}","templated":true}]}}