{"id":19831,"date":"2025-03-14T12:50:59","date_gmt":"2025-03-14T11:50:59","guid":{"rendered":"https:\/\/www.charmig.nl\/?post_type=product&#038;p=19831"},"modified":"2026-04-23T09:36:51","modified_gmt":"2026-04-23T07:36:51","slug":"vintage-highboard-servieskast-teak-2","status":"publish","type":"product","link":"https:\/\/www.charmig.nl\/fr\/product\/archief\/vintage-highboard-servieskast-teak-2\/","title":{"rendered":"Meuble haut vintage | Meuble de service | Teck"},"content":{"rendered":"","protected":false},"excerpt":{"rendered":"Ce meuble haut vintage est fini dans une magnifique couleur teck fonc\u00e9. Le meuble haut vintage offre plus qu'assez d'espace de rangement. En haut, vous trouverez 3 tiroirs avec de belles poign\u00e9es, un meuble \u00e0 abattant avec des \u00e9tag\u00e8res et 2 petits tiroirs. En bas, vous trouverez 4 portes coulissantes. Id\u00e9al pour ranger la vaisselle, la comptabilit\u00e9 et d'autres objets. L'armoire est dot\u00e9e d'une belle base et de bords inclin\u00e9s. Un cr\u00e9ateur d'ambiance \u00e9l\u00e9gant et tr\u00e8s pratique \u00e0 la fois !\r\n\r\nP\u00e9riode de conception : 1950-1960\r\nStyle : moderne du milieu du si\u00e8cle\r\nMat\u00e9riau : Teck\r\nCondition : En bon \u00e9tat vintage, contient de l\u00e9g\u00e8res traces d'utilisation appropri\u00e9es \u00e0 l'\u00e2ge du meuble. Sur le dessus vous trouverez une petite tache. Voir les photos.\r\nMarque : Merkloos\r\n\r\nDimensions du meuble :\r\nHauteur : 125 cm\r\nLargeur : 158 cm\r\nProfondeur : 41 cm\r\n\r\nLes articles de la vente d'\u00e9t\u00e9 ne peuvent pas \u00eatre retourn\u00e9s\r\n\r\n<em>Num\u00e9ro d'article : 211553<\/em>","protected":false},"featured_media":19832,"template":"","meta":{"_acf_changed":false},"product_brand":[],"product_cat":[103],"product_tag":[],"class_list":{"0":"post-19831","1":"product","2":"type-product","3":"status-publish","4":"has-post-thumbnail","6":"product_cat-archief","7":"product_shipping_class-koerier","9":"first","10":"outofstock","11":"shipping-taxable","12":"purchasable","13":"product-type-simple"},"composite_virtual":false,"composite_layout":"","composite_add_to_cart_form_location":"","composite_editable_in_cart":false,"composite_sold_individually_context":"","composite_shop_price_calc":"","composite_components":[],"composite_scenarios":[],"exclude_global_add_ons":[],"addons":[],"acf":[],"yoast_head":null,"yoast_head_json":null,"_links":{"self":[{"href":"https:\/\/www.charmig.nl\/fr\/wp-json\/wp\/v2\/product\/19831","targetHints":{"allow":["GET"]}}],"collection":[{"href":"https:\/\/www.charmig.nl\/fr\/wp-json\/wp\/v2\/product"}],"about":[{"href":"https:\/\/www.charmig.nl\/fr\/wp-json\/wp\/v2\/types\/product"}],"wp:featuredmedia":[{"embeddable":true,"href":"https:\/\/www.charmig.nl\/fr\/wp-json\/wp\/v2\/media\/19832"}],"wp:attachment":[{"href":"https:\/\/www.charmig.nl\/fr\/wp-json\/wp\/v2\/media?parent=19831"}],"wp:term":[{"taxonomy":"product_brand","embeddable":true,"href":"https:\/\/www.charmig.nl\/fr\/wp-json\/wp\/v2\/product_brand?post=19831"},{"taxonomy":"product_cat","embeddable":true,"href":"https:\/\/www.charmig.nl\/fr\/wp-json\/wp\/v2\/product_cat?post=19831"},{"taxonomy":"product_tag","embeddable":true,"href":"https:\/\/www.charmig.nl\/fr\/wp-json\/wp\/v2\/product_tag?post=19831"}],"curies":[{"name":"wp","href":"https:\/\/api.w.org\/{rel}","templated":true}]}}