{"id":19913,"date":"2025-03-20T14:12:16","date_gmt":"2025-03-20T13:12:16","guid":{"rendered":"https:\/\/www.charmig.nl\/?post_type=product&#038;p=19913"},"modified":"2026-04-23T09:36:52","modified_gmt":"2026-04-23T07:36:52","slug":"vintage-bank-elementen-bank-leer-bruin","status":"publish","type":"product","link":"https:\/\/www.charmig.nl\/fr\/product\/archief\/vintage-bank-elementen-bank-leer-bruin\/","title":{"rendered":"Canap\u00e9 vintage | Canap\u00e9 \u00e9l\u00e9ments | Cuir | Marron"},"content":{"rendered":"","protected":false},"excerpt":{"rendered":"Prachtige vintage modulaire sofa \/ elementenbank uit de jaren 70, uitgevoerd in bruin leer in een patchwork patroon. De set bestaat in totaal uit 3 delen die ook los van elkaar neer gezet kunnen worden. Ook is het grote voordeel dat de bank in wisselende opstellingen gezet kan worden. De set bestaat uit 1 midden element en 2 hoekelementen. De bank is in vintage conditie met een goed zitcomfort. Een perfecte bank voor bijvoorbeeld in een mancave!\r\n\r\nOntwerp periode: 1970s\r\nStijl: Vintage, Mid-century modern\r\nMateriaal: Leer\r\nConditie: In vintage staat, het leer is geleefd. Op de hoeken vind je wat gebruikerssporen.\r\n\r\nDe afmetingen, 3 delen naast elkaar:\r\nHoogte: 70 cm\r\nBreedte: 235 cm\r\nDiepte: 87 cm\r\nZithoogte: 37 cm\r\nZitdiepte: 56 cm\r\n\r\nItems in de Summer Sale kunnen niet worden geretourneerd.\r\n\r\n<em>Num\u00e9ro d'article : 211564<\/em>","protected":false},"featured_media":19914,"template":"","meta":{"_acf_changed":false},"product_brand":[],"product_cat":[103],"product_tag":[],"class_list":{"0":"post-19913","1":"product","2":"type-product","3":"status-publish","4":"has-post-thumbnail","6":"product_cat-archief","7":"product_shipping_class-koerier","9":"first","10":"outofstock","11":"shipping-taxable","12":"purchasable","13":"product-type-simple"},"composite_virtual":false,"composite_layout":"","composite_add_to_cart_form_location":"","composite_editable_in_cart":false,"composite_sold_individually_context":"","composite_shop_price_calc":"","composite_components":[],"composite_scenarios":[],"exclude_global_add_ons":[],"addons":[],"acf":[],"yoast_head":null,"yoast_head_json":null,"_links":{"self":[{"href":"https:\/\/www.charmig.nl\/fr\/wp-json\/wp\/v2\/product\/19913","targetHints":{"allow":["GET"]}}],"collection":[{"href":"https:\/\/www.charmig.nl\/fr\/wp-json\/wp\/v2\/product"}],"about":[{"href":"https:\/\/www.charmig.nl\/fr\/wp-json\/wp\/v2\/types\/product"}],"wp:featuredmedia":[{"embeddable":true,"href":"https:\/\/www.charmig.nl\/fr\/wp-json\/wp\/v2\/media\/19914"}],"wp:attachment":[{"href":"https:\/\/www.charmig.nl\/fr\/wp-json\/wp\/v2\/media?parent=19913"}],"wp:term":[{"taxonomy":"product_brand","embeddable":true,"href":"https:\/\/www.charmig.nl\/fr\/wp-json\/wp\/v2\/product_brand?post=19913"},{"taxonomy":"product_cat","embeddable":true,"href":"https:\/\/www.charmig.nl\/fr\/wp-json\/wp\/v2\/product_cat?post=19913"},{"taxonomy":"product_tag","embeddable":true,"href":"https:\/\/www.charmig.nl\/fr\/wp-json\/wp\/v2\/product_tag?post=19913"}],"curies":[{"name":"wp","href":"https:\/\/api.w.org\/{rel}","templated":true}]}}