{"id":19980,"date":"2025-03-20T15:12:34","date_gmt":"2025-03-20T14:12:34","guid":{"rendered":"https:\/\/www.charmig.nl\/?post_type=product&#038;p=19980"},"modified":"2026-04-23T09:36:52","modified_gmt":"2026-04-23T07:36:52","slug":"vintage-eettafel-niels-otto-moller-massief-eiken-2","status":"publish","type":"product","link":"https:\/\/www.charmig.nl\/fr\/product\/archief\/vintage-eettafel-niels-otto-moller-massief-eiken-2\/","title":{"rendered":"Table de salle \u00e0 manger vintage | Niels Otto M\u00f8ller | Ch\u00eane massif"},"content":{"rendered":"","protected":false},"excerpt":{"rendered":"Deze prachtige, grote vintage eettafel is ontworpen door Niels Otto Moller voor JL M\u00f8belfabrik in Denemarken. De tafel valt op door de royale afmetingen, die kom je niet heel vaak tegen bij vintage eettafels. De tafel is uitgevoerd in massief eiken, echt een staaltje Deense topkwaliteit!  \r\n    \r\n    Ontwerp periode: 1950-1960\r\n    Stijl: Mid century modern, scandinavisch design, Deens design\r\n    Conditie: In zeer goede vintage staat. De tafel heeft lichte gebruikerssporen die passen bij de leeftijd van de tafel.\r\n    Land van herkomst: Denemarken\r\n    Designer: Niels Otto M\u00f8ller\r\n    Materiaal: Massief eiken\r\n\r\nDe afmetingen:\r\nDiepte: 100 cm  \r\nBreedte: 190 cm\r\nHoogte: 72 cm\r\n\r\n<em>Num\u00e9ro d'article : 211554<\/em>","protected":false},"featured_media":19986,"template":"","meta":{"_acf_changed":false},"product_brand":[],"product_cat":[103],"product_tag":[],"class_list":{"0":"post-19980","1":"product","2":"type-product","3":"status-publish","4":"has-post-thumbnail","6":"product_cat-archief","7":"product_shipping_class-koerier","9":"first","10":"outofstock","11":"shipping-taxable","12":"purchasable","13":"product-type-simple"},"composite_virtual":false,"composite_layout":"","composite_add_to_cart_form_location":"","composite_editable_in_cart":false,"composite_sold_individually_context":"","composite_shop_price_calc":"","composite_components":[],"composite_scenarios":[],"exclude_global_add_ons":[],"addons":[],"acf":[],"yoast_head":null,"yoast_head_json":null,"_links":{"self":[{"href":"https:\/\/www.charmig.nl\/fr\/wp-json\/wp\/v2\/product\/19980","targetHints":{"allow":["GET"]}}],"collection":[{"href":"https:\/\/www.charmig.nl\/fr\/wp-json\/wp\/v2\/product"}],"about":[{"href":"https:\/\/www.charmig.nl\/fr\/wp-json\/wp\/v2\/types\/product"}],"wp:featuredmedia":[{"embeddable":true,"href":"https:\/\/www.charmig.nl\/fr\/wp-json\/wp\/v2\/media\/19986"}],"wp:attachment":[{"href":"https:\/\/www.charmig.nl\/fr\/wp-json\/wp\/v2\/media?parent=19980"}],"wp:term":[{"taxonomy":"product_brand","embeddable":true,"href":"https:\/\/www.charmig.nl\/fr\/wp-json\/wp\/v2\/product_brand?post=19980"},{"taxonomy":"product_cat","embeddable":true,"href":"https:\/\/www.charmig.nl\/fr\/wp-json\/wp\/v2\/product_cat?post=19980"},{"taxonomy":"product_tag","embeddable":true,"href":"https:\/\/www.charmig.nl\/fr\/wp-json\/wp\/v2\/product_tag?post=19980"}],"curies":[{"name":"wp","href":"https:\/\/api.w.org\/{rel}","templated":true}]}}