{"id":20003,"date":"2025-03-24T13:14:16","date_gmt":"2025-03-24T12:14:16","guid":{"rendered":"https:\/\/www.charmig.nl\/?post_type=product&#038;p=20003"},"modified":"2026-03-31T21:40:01","modified_gmt":"2026-03-31T19:40:01","slug":"vintage-eetkamerstoel-niels-otto-moller-model-71","status":"publish","type":"product","link":"https:\/\/www.charmig.nl\/fr\/produit\/meubles\/sieges\/chaises-de-salle-a-manger\/vintage-eetkamerstoel-niels-otto-moller-model-71\/","title":{"rendered":"Chaise de salle \u00e0 manger vintage | Niels Otto M\u00f8ller | Mod\u00e8le 71"},"content":{"rendered":"","protected":false},"excerpt":{"rendered":"Prachtige Deense vintage eetkamerstoel, ontworpen door Niels Otto M\u00f8ller, model 71. De stoel is prachtig, de rondingen zorgen voor een tijdloze, maar toch speelse uitstraling. De uitgesneden rugleuning laat deze stoel echt opvallen. De ontwerpen van Niels Otto Moller zijn echte klassiekers. De stoel isuitgevoerd in teak en voorzien van nieuw papercord.\r\n\r\nOntwerp periode: 1950 &#8211; 1960\r\nStijl: Mid century modern &#8211; Deens design &#8211; Scandinavisch design\r\nMateriaal: Teak, Papercord\r\nConditie: In zeer goede vintage staat. Het frame is nagekeken en de zitting is voorzien van nieuw papercord. De stoel heeft een reparatie gehad aan het frame. Dit is te zien op de foto. \r\nOntwerper: Niels Otto Moller\r\n\r\nAfmetingen:\r\nHoogte: 78 cm\r\nZithoogte: 45 cm\r\nBreedte: 49 cm\r\nDiepte: 52 cm\r\n\r\n<em>Num\u00e9ro d'article : 211546<\/em>","protected":false},"featured_media":20004,"template":"","meta":{"_acf_changed":false},"product_brand":[],"product_cat":[117],"product_tag":[],"class_list":{"0":"post-20003","1":"product","2":"type-product","3":"status-publish","4":"has-post-thumbnail","6":"product_cat-eetkamerstoelen","7":"product_shipping_class-koerier","9":"first","10":"outofstock","11":"shipping-taxable","12":"purchasable","13":"product-type-simple"},"composite_virtual":false,"composite_layout":"","composite_add_to_cart_form_location":"","composite_editable_in_cart":false,"composite_sold_individually_context":"","composite_shop_price_calc":"","composite_components":[],"composite_scenarios":[],"exclude_global_add_ons":[],"addons":[],"acf":[],"yoast_head":null,"yoast_head_json":null,"_links":{"self":[{"href":"https:\/\/www.charmig.nl\/fr\/wp-json\/wp\/v2\/product\/20003","targetHints":{"allow":["GET"]}}],"collection":[{"href":"https:\/\/www.charmig.nl\/fr\/wp-json\/wp\/v2\/product"}],"about":[{"href":"https:\/\/www.charmig.nl\/fr\/wp-json\/wp\/v2\/types\/product"}],"wp:featuredmedia":[{"embeddable":true,"href":"https:\/\/www.charmig.nl\/fr\/wp-json\/wp\/v2\/media\/20004"}],"wp:attachment":[{"href":"https:\/\/www.charmig.nl\/fr\/wp-json\/wp\/v2\/media?parent=20003"}],"wp:term":[{"taxonomy":"product_brand","embeddable":true,"href":"https:\/\/www.charmig.nl\/fr\/wp-json\/wp\/v2\/product_brand?post=20003"},{"taxonomy":"product_cat","embeddable":true,"href":"https:\/\/www.charmig.nl\/fr\/wp-json\/wp\/v2\/product_cat?post=20003"},{"taxonomy":"product_tag","embeddable":true,"href":"https:\/\/www.charmig.nl\/fr\/wp-json\/wp\/v2\/product_tag?post=20003"}],"curies":[{"name":"wp","href":"https:\/\/api.w.org\/{rel}","templated":true}]}}