{"id":20067,"date":"2025-03-24T14:22:17","date_gmt":"2025-03-24T13:22:17","guid":{"rendered":"https:\/\/www.charmig.nl\/?post_type=product&#038;p=20067"},"modified":"2026-04-23T09:36:53","modified_gmt":"2026-04-23T07:36:53","slug":"7-x-eetkamerstoelen-niels-otto-moller-model-75-56-eiken","status":"publish","type":"product","link":"https:\/\/www.charmig.nl\/fr\/product\/archief\/7-x-eetkamerstoelen-niels-otto-moller-model-75-56-eiken\/","title":{"rendered":"7 x chaises de salle \u00e0 manger | Niels Otto M\u00f8ller | Mod\u00e8le 75 &amp; 56 | Ch\u00eane"},"content":{"rendered":"","protected":false},"excerpt":{"rendered":"Ensemble de 7 magnifiques chaises de salle \u00e0 manger vintage en ch\u00eane. Dessin\u00e9es par Niels Otto Moller, ces chaises sont de v\u00e9ritables classiques ! L'ensemble se compose de 6 chaises sans accoudoirs (mod\u00e8le 75) et d'une chaise avec accoudoirs (mod\u00e8le 56). Les chaises sont fabriqu\u00e9es en ch\u00eane savonn\u00e9 et \u00e9quip\u00e9es de nouveaux cordons en papier danois. Ces chaises en ch\u00eane dureront des ann\u00e9es !\r\n\r\nP\u00e9riode de conception : 1950 - 1960\r\nStyle : moderne du milieu du si\u00e8cle - design danois - design scandinave\r\nMat\u00e9riau : Ch\u00eane, Papercord danois\r\n\u00c9tat : restaur\u00e9, cadres v\u00e9rifi\u00e9s et \u00e9quip\u00e9s de nouvelles cordes en papier.\r\nDesigner : Niels Otto M\u00f8ller\r\nFabricant : JL Mollers Mobelfabrik\r\n\r\nDimensions :\r\nSans accoudoir :\r\nHauteur : 74 cm\r\nHauteur de l'assise : 44 cm\r\nLargeur : 50 cm\r\nProfondeur : 48 cm\r\n\r\nAvec accoudoir :\r\nHauteur : 78 cm\r\nHauteur de l'assise : 44 cm\r\nLargeur : 58 cm\r\nProfondeur : 52 cm\r\n\r\n<em>Num\u00e9ro d'article : 211571<\/em>","protected":false},"featured_media":20103,"template":"","meta":{"_acf_changed":false},"product_brand":[],"product_cat":[103],"product_tag":[],"class_list":{"0":"post-20067","1":"product","2":"type-product","3":"status-publish","4":"has-post-thumbnail","6":"product_cat-archief","7":"product_shipping_class-koerier","9":"first","10":"outofstock","11":"shipping-taxable","12":"purchasable","13":"product-type-simple"},"composite_virtual":false,"composite_layout":"","composite_add_to_cart_form_location":"","composite_editable_in_cart":false,"composite_sold_individually_context":"","composite_shop_price_calc":"","composite_components":[],"composite_scenarios":[],"exclude_global_add_ons":[],"addons":[],"acf":[],"yoast_head":null,"yoast_head_json":null,"_links":{"self":[{"href":"https:\/\/www.charmig.nl\/fr\/wp-json\/wp\/v2\/product\/20067","targetHints":{"allow":["GET"]}}],"collection":[{"href":"https:\/\/www.charmig.nl\/fr\/wp-json\/wp\/v2\/product"}],"about":[{"href":"https:\/\/www.charmig.nl\/fr\/wp-json\/wp\/v2\/types\/product"}],"wp:featuredmedia":[{"embeddable":true,"href":"https:\/\/www.charmig.nl\/fr\/wp-json\/wp\/v2\/media\/20103"}],"wp:attachment":[{"href":"https:\/\/www.charmig.nl\/fr\/wp-json\/wp\/v2\/media?parent=20067"}],"wp:term":[{"taxonomy":"product_brand","embeddable":true,"href":"https:\/\/www.charmig.nl\/fr\/wp-json\/wp\/v2\/product_brand?post=20067"},{"taxonomy":"product_cat","embeddable":true,"href":"https:\/\/www.charmig.nl\/fr\/wp-json\/wp\/v2\/product_cat?post=20067"},{"taxonomy":"product_tag","embeddable":true,"href":"https:\/\/www.charmig.nl\/fr\/wp-json\/wp\/v2\/product_tag?post=20067"}],"curies":[{"name":"wp","href":"https:\/\/api.w.org\/{rel}","templated":true}]}}